{"id":41429,"date":"2022-12-02T13:26:30","date_gmt":"2022-12-02T12:26:30","guid":{"rendered":"https:\/\/tellustalk.com\/receive-sms-mms\/"},"modified":"2023-08-04T14:11:15","modified_gmt":"2023-08-04T12:11:15","slug":"receive-sms-mms","status":"publish","type":"page","link":"https:\/\/tellustalk.com\/en\/receive-sms-mms\/","title":{"rendered":"Receive SMS &amp; MMS"},"content":{"rendered":"<p>[et_pb_section fb_built=&#8221;1&#8243; module_class=&#8221;start-sektion-sidor-bg&#8221; _builder_version=&#8221;4.21.0&#8243; _module_preset=&#8221;default&#8221; use_background_color_gradient=&#8221;on&#8221; background_color_gradient_stops=&#8221;rgba(0,0,0,0.3) 0%|rgba(0,0,0,0.3) 100%&#8221; background_color_gradient_overlays_image=&#8221;on&#8221; background_image=&#8221;https:\/\/tellustalk.com\/wp-content\/uploads\/2023\/07\/tellustalk-sakra-meddelanden.jpg&#8221; background_repeat=&#8221;repeat&#8221; custom_padding=&#8221;0px||0px||false|false&#8221; border_width_top=&#8221;30px&#8221; border_color_top=&#8221;gcid-78056410-02fe-4524-ba5e-945f4e88448e&#8221; global_colors_info=&#8221;{%22gcid-78056410-02fe-4524-ba5e-945f4e88448e%22:%91%22border_color_top%22%93}&#8221;][et_pb_row column_structure=&#8221;2_3,1_3&#8243; _builder_version=&#8221;4.21.0&#8243; _module_preset=&#8221;default&#8221; use_background_color_gradient=&#8221;on&#8221; background_color_gradient_stops=&#8221;rgba(20,20,20,0.29) 0%|rgba(20,20,20,0.29) 100%&#8221; background_color_gradient_overlays_image=&#8221;on&#8221; background_image=&#8221;https:\/\/tellustalk.com\/wp-content\/uploads\/2023\/07\/tellustalk-elektronisk-signering.jpg&#8221; custom_padding=&#8221;90px||90px||true|false&#8221; global_colors_info=&#8221;{}&#8221;][et_pb_column type=&#8221;2_3&#8243; _builder_version=&#8221;4.20.2&#8243; _module_preset=&#8221;default&#8221; global_colors_info=&#8221;{}&#8221;][et_pb_text admin_label=&#8221;Richards header &#8211; ljusgr\u00f6n H1&#8243; _builder_version=&#8221;4.21.0&#8243; _module_preset=&#8221;default&#8221; text_text_color=&#8221;#FFFFFF&#8221; header_text_align=&#8221;center&#8221; header_text_color=&#8221;#FFFFFF&#8221; header_2_text_color=&#8221;#E2EDCF&#8221; header_3_text_color=&#8221;#E2EDCF&#8221; background_layout=&#8221;dark&#8221; hover_enabled=&#8221;0&#8243; global_colors_info=&#8221;{}&#8221; sticky_enabled=&#8221;0&#8243;]<\/p>\n<p style=\"text-align: center;\"><img decoding=\"async\" class=\"wp-image-6521 alignnone size-full alignleft\" src=\"https:\/\/tellustalk.com\/wp-content\/uploads\/2023\/04\/smsikonstart.png\" alt=\"\" width=\"148\" height=\"124\"><\/p>\n<p class=\"et_pb_module_header\">Receive<\/p>\n<h1 style=\"text-align: left;\">SMS &amp; MMS<\/h1>\n<p>[\/et_pb_text][\/et_pb_column][et_pb_column type=&#8221;1_3&#8243; _builder_version=&#8221;4.20.2&#8243; _module_preset=&#8221;default&#8221; global_colors_info=&#8221;{}&#8221;][et_pb_image src=&#8221;https:\/\/tellustalk.com\/wp-content\/uploads\/2023\/06\/Tellustalk-Websize-30-scaled-e1689325524459.jpg&#8221; align=&#8221;center&#8221; disabled_on=&#8221;on|on|off&#8221; _builder_version=&#8221;4.21.0&#8243; _module_preset=&#8221;default&#8221; max_width=&#8221;280px&#8221; border_radii=&#8221;on|50%|50%|50%|50%&#8221; global_colors_info=&#8221;{}&#8221;][\/et_pb_image][\/et_pb_column][\/et_pb_row][et_pb_row column_structure=&#8221;1_2,1_2&#8243; _builder_version=&#8221;4.21.0&#8243; _module_preset=&#8221;default&#8221; global_colors_info=&#8221;{}&#8221;][et_pb_column type=&#8221;1_2&#8243; _builder_version=&#8221;4.21.0&#8243; _module_preset=&#8221;default&#8221; global_colors_info=&#8221;{}&#8221;][et_pb_text disabled_on=&#8221;off|off|off&#8221; admin_label=&#8221;ta emot&#8221; _builder_version=&#8221;4.21.0&#8243; _module_preset=&#8221;default&#8221; global_colors_info=&#8221;{}&#8221;]<\/p>\n<h2 class=\"text-yellow text-uppercase\" style=\"text-align: center;\">Receive<\/h2>\n<p class=\"p1\" style=\"text-align: center;\">SMS and MMS are sent directly to your email or via <a href=\"https:\/\/tellustalk.com\/en\/api\/\">API<\/a>. Works worldwide.<\/p>\n<p>[\/et_pb_text][et_pb_button button_url=&#8221;@ET-DC@eyJkeW5hbWljIjp0cnVlLCJjb250ZW50IjoicG9zdF9saW5rX3VybF9wYWdlIiwic2V0dGluZ3MiOnsicG9zdF9pZCI6IjQ5NjMifX0=@&#8221; button_text=&#8221;Contact us&#8221; button_alignment=&#8221;center&#8221; admin_label=&#8221;Knapp &#8211; Kontakta oss&#8221; _builder_version=&#8221;4.21.0&#8243; _dynamic_attributes=&#8221;button_url&#8221; _module_preset=&#8221;default&#8221; global_module=&#8221;343&#8243; saved_tabs=&#8221;all&#8221; global_colors_info=&#8221;{}&#8221;][\/et_pb_button][\/et_pb_column][et_pb_column type=&#8221;1_2&#8243; _builder_version=&#8221;4.21.0&#8243; _module_preset=&#8221;default&#8221; global_colors_info=&#8221;{}&#8221;][et_pb_text admin_label=&#8221;opt in&#8221; _builder_version=&#8221;4.21.0&#8243; _module_preset=&#8221;default&#8221; global_colors_info=&#8221;{}&#8221;]<\/p>\n<h2 class=\"p1\" style=\"text-align: center;\">Opt in<\/h2>\n<p style=\"text-align: center;\">Let customers sign up for your mailings by opting in via SMS.<\/p>\n<p>[\/et_pb_text][et_pb_button button_url=&#8221;@ET-DC@eyJkeW5hbWljIjp0cnVlLCJjb250ZW50IjoicG9zdF9saW5rX3VybF9wYWdlIiwic2V0dGluZ3MiOnsicG9zdF9pZCI6IjQ3OTIifX0=@&#8221; button_text=&#8221;Get started today&#8221; button_alignment=&#8221;center&#8221; admin_label=&#8221;Knapp-kom ig\u00e5ng idag&#8221; _builder_version=&#8221;4.21.0&#8243; _dynamic_attributes=&#8221;button_url&#8221; _module_preset=&#8221;default&#8221; global_module=&#8221;9697&#8243; saved_tabs=&#8221;all&#8221; global_colors_info=&#8221;{}&#8221;][\/et_pb_button][\/et_pb_column][\/et_pb_row][et_pb_row _builder_version=&#8221;4.20.2&#8243; _module_preset=&#8221;default&#8221; custom_padding=&#8221;14px|||||&#8221; global_colors_info=&#8221;{}&#8221;][et_pb_column type=&#8221;4_4&#8243; _builder_version=&#8221;4.20.2&#8243; _module_preset=&#8221;default&#8221; global_colors_info=&#8221;{}&#8221;][et_pb_text admin_label=&#8221;Underrubrik- Integrera med API, jobba fr\u00e5n din mail eller v\u00e5r verktygsl\u00e5da online&#8221; _builder_version=&#8221;4.21.0&#8243; _module_preset=&#8221;default&#8221; global_module=&#8221;9704&#8243; global_colors_info=&#8221;{}&#8221;]<\/p>\n<p style=\"text-align: center;\">Integrera med <a href=\"https:\/\/tellustalk.com\/en\/api\/\">API<\/a>, jobba fr\u00e5n <a href=\"https:\/\/tellustalk.com\/kundportalen\/mailen\/\">din mail<\/a> eller v\u00e5r <a href=\"https:\/\/tellustalk.com\/kundportalen\/verktygsladan\/\">verktygsl\u00e5da online<\/a><\/p>\n<p>[\/et_pb_text][\/et_pb_column][\/et_pb_row][\/et_pb_section][et_pb_section fb_built=&#8221;1&#8243; _builder_version=&#8221;4.21.0&#8243; _module_preset=&#8221;default&#8221; background_enable_image=&#8221;off&#8221; global_colors_info=&#8221;{}&#8221;][et_pb_row _builder_version=&#8221;4.21.0&#8243; _module_preset=&#8221;default&#8221; use_background_color_gradient=&#8221;on&#8221; background_color_gradient_stops=&#8221;rgba(0,0,0,0.3) 0%|rgba(0,0,0,0.3) 100%&#8221; background_color_gradient_overlays_image=&#8221;on&#8221; background_image=&#8221;https:\/\/tellustalk.com\/wp-content\/uploads\/2023\/06\/Tellustalk-Websize-7-scaled.jpg&#8221; custom_padding=&#8221;50px||100px||false|false&#8221; border_width_top=&#8221;30px&#8221; border_color_top=&#8221;gcid-78056410-02fe-4524-ba5e-945f4e88448e&#8221; global_colors_info=&#8221;{%22gcid-78056410-02fe-4524-ba5e-945f4e88448e%22:%91%22border_color_top%22%93}&#8221;][et_pb_column type=&#8221;4_4&#8243; _builder_version=&#8221;4.20.2&#8243; _module_preset=&#8221;default&#8221; global_colors_info=&#8221;{}&#8221;][et_pb_text admin_label=&#8221;F\u00f6renkla kundkontakterna&#8221; _builder_version=&#8221;4.21.0&#8243; _module_preset=&#8221;default&#8221; text_text_color=&#8221;#FFFFFF&#8221; header_text_color=&#8221;#FFFFFF&#8221; header_2_text_color=&#8221;#FFFFFF&#8221; header_3_text_color=&#8221;#FFFFFF&#8221; header_4_text_color=&#8221;#FFFFFF&#8221; header_5_text_color=&#8221;#FFFFFF&#8221; header_6_text_color=&#8221;#FFFFFF&#8221; background_layout=&#8221;dark&#8221; custom_margin=&#8221;||||false|false&#8221; custom_padding=&#8221;|50px||50px|false|false&#8221; global_colors_info=&#8221;{}&#8221;]<\/p>\n<h3 class=\"p1\">Simplify customer contacts by offering more channels<\/h3>\n<p>Today, many people prefer to send SMS rather than call or email. Sometimes it makes it easier if you also can attach a picture directly.<\/p>\n<p class=\"p3\">We have helped both large and small companies to create better customer relationships for over 20 years. We know what we&#8217;re doing!<\/p>\n<p>[\/et_pb_text][\/et_pb_column][\/et_pb_row][et_pb_row column_structure=&#8221;1_2,1_2&#8243; admin_label=&#8221;bild-reverse&#8221; module_class=&#8221;bild-reverse&#8221; _builder_version=&#8221;4.21.0&#8243; _module_preset=&#8221;default&#8221; custom_padding=&#8221;30px||||false|false&#8221; global_colors_info=&#8221;{}&#8221;][et_pb_column type=&#8221;1_2&#8243; _builder_version=&#8221;4.21.0&#8243; _module_preset=&#8221;default&#8221; global_colors_info=&#8221;{}&#8221;][et_pb_text admin_label=&#8221;Hyr mobilnummer&#8221; _builder_version=&#8221;4.21.0&#8243; _module_preset=&#8221;default&#8221; global_colors_info=&#8221;{}&#8221;]<\/p>\n<h4>Rent a virtual phonenumber<\/h4>\n<p>That can receive SMS and MMS from all over the world. A good solution if those who send to you, do it frequently They can save your number as a contact, so it will be easy to send to it again.<br \/>Add <a href=\"https:\/\/tellustalk.com\/kundportalen\/verktygsladan\/adressbok\/med-vn\/\">opt in<\/a> if you wish.<\/p>\n<p>[\/et_pb_text][\/et_pb_column][et_pb_column type=&#8221;1_2&#8243; _builder_version=&#8221;4.21.0&#8243; _module_preset=&#8221;default&#8221; global_colors_info=&#8221;{}&#8221;][et_pb_image src=&#8221;https:\/\/tellustalk.com\/wp-content\/uploads\/2023\/07\/TellusTalk-Receive-SMS_MMS-by-virtual-number.png&#8221; alt=&#8221;Receive SMS &amp; MMS with virtual number&#8221; title_text=&#8221;TellusTalk Receive with SMS number&#8221; align=&#8221;center&#8221; admin_label=&#8221;Bild: nummer&#8221; _builder_version=&#8221;4.21.0&#8243; _module_preset=&#8221;default&#8221; background_image=&#8221;https:\/\/tellustalk.com\/wp-content\/uploads\/2023\/07\/tellustalk-sakra-meddelanden-foretag.jpg&#8221; max_height=&#8221;300px&#8221; custom_padding=&#8221;7px||||false|false&#8221; global_colors_info=&#8221;{}&#8221;][\/et_pb_image][\/et_pb_column][\/et_pb_row][et_pb_row column_structure=&#8221;1_2,1_2&#8243; _builder_version=&#8221;4.21.0&#8243; _module_preset=&#8221;default&#8221; global_colors_info=&#8221;{}&#8221;][et_pb_column type=&#8221;1_2&#8243; _builder_version=&#8221;4.21.0&#8243; _module_preset=&#8221;default&#8221; global_colors_info=&#8221;{}&#8221;][et_pb_image src=&#8221;https:\/\/tellustalk.com\/wp-content\/uploads\/2023\/07\/TellusTalk-Receive-SMS-by-Short-code.png&#8221; alt=&#8221;Receive SMS with keyword and short code&#8221; title_text=&#8221;TellusTalk_shortcode_keyword&#8221; align=&#8221;center&#8221; admin_label=&#8221;Bild: kodord&#8221; _builder_version=&#8221;4.21.0&#8243; _module_preset=&#8221;default&#8221; background_image=&#8221;https:\/\/tellustalk.com\/wp-content\/uploads\/2023\/07\/tellustalk-sakra-meddelanden.jpg&#8221; max_height=&#8221;300px&#8221; custom_padding=&#8221;7px||||false|false&#8221; global_colors_info=&#8221;{}&#8221;][\/et_pb_image][\/et_pb_column][et_pb_column type=&#8221;1_2&#8243; _builder_version=&#8221;4.21.0&#8243; _module_preset=&#8221;default&#8221; global_colors_info=&#8221;{}&#8221;][et_pb_text admin_label=&#8221;Hyr kodord&#8221; _builder_version=&#8221;4.21.0&#8243; _module_preset=&#8221;default&#8221; global_colors_info=&#8221;{}&#8221;]<\/p>\n<h4>Rent a keyword<\/h4>\n<div class=\"et_pb_blurb_description\">\n<p>A good way to let outsiders send you SMS in e.g. an advertising campaign, where it should be easy to remember the number.<br \/>Add <a href=\"https:\/\/tellustalk.com\/kundportalen\/verktygsladan\/adressbok\/med-kodord\/\">opt in<\/a> if you wish.<\/p>\n<p>In your ad, you can write, for example, <i>\u201dText the word TELLUS, followed by your message, to number 72080&#8243;<\/i><\/p>\n<\/div>\n<p>[\/et_pb_text][\/et_pb_column][\/et_pb_row][et_pb_row column_structure=&#8221;1_2,1_2&#8243; admin_label=&#8221;bild-reverse&#8221; module_class=&#8221;bild-reverse&#8221; _builder_version=&#8221;4.21.0&#8243; _module_preset=&#8221;default&#8221; global_colors_info=&#8221;{}&#8221;][et_pb_column type=&#8221;1_2&#8243; _builder_version=&#8221;4.21.0&#8243; _module_preset=&#8221;default&#8221; global_colors_info=&#8221;{}&#8221;][et_pb_text admin_label=&#8221;svars-sms&#8221; _builder_version=&#8221;4.21.0&#8243; _module_preset=&#8221;default&#8221; global_colors_info=&#8221;{}&#8221;]<\/p>\n<h4>Reply-SMS<\/h4>\n<p>If you use the <a href=\"https:\/\/tellustalk.com\/kundportalen\/verktygsladan\/installningar\/svars-sms\/\">Reply-SMS<\/a> setting on your SMS mailings, we set one of our virtual mobile numbers as the sender and the recipient can reply with SMS or MMS. We will send all responses directly to you.<\/p>\n<p>[\/et_pb_text][\/et_pb_column][et_pb_column type=&#8221;1_2&#8243; _builder_version=&#8221;4.21.0&#8243; _module_preset=&#8221;default&#8221; global_colors_info=&#8221;{}&#8221;][et_pb_image src=&#8221;https:\/\/tellustalk.com\/wp-content\/uploads\/2023\/07\/TellusTalk-Receive-SMS_MMS-by-reply-sms.png&#8221; alt=&#8221;Receive SMS&amp;MMS with reply-SMS&#8221; title_text=&#8221;TellusTalk Receive with reply-sms&#8221; align=&#8221;center&#8221; admin_label=&#8221;Bild: svars-sms&#8221; _builder_version=&#8221;4.21.0&#8243; _module_preset=&#8221;default&#8221; background_image=&#8221;https:\/\/tellustalk.com\/wp-content\/uploads\/2023\/07\/tellustalk-elektronisk-signering-foretag.jpg&#8221; max_height=&#8221;300px&#8221; custom_padding=&#8221;7px||||false|false&#8221; global_colors_info=&#8221;{}&#8221;][\/et_pb_image][\/et_pb_column][\/et_pb_row][et_pb_row _builder_version=&#8221;4.21.0&#8243; _module_preset=&#8221;default&#8221; global_colors_info=&#8221;{}&#8221;][et_pb_column type=&#8221;4_4&#8243; _builder_version=&#8221;4.21.0&#8243; _module_preset=&#8221;default&#8221; global_colors_info=&#8221;{}&#8221;][et_pb_code admin_label=&#8221;Code &#8211; usage areas receive&#8221; _builder_version=&#8221;4.21.0&#8243; _module_preset=&#8221;default&#8221; locked=&#8221;off&#8221; global_colors_info=&#8221;{}&#8221;][\/et_pb_code][\/et_pb_column][\/et_pb_row][et_pb_row _builder_version=&#8221;4.21.0&#8243; _module_preset=&#8221;default&#8221; global_colors_info=&#8221;{}&#8221;][et_pb_column type=&#8221;4_4&#8243; _builder_version=&#8221;4.21.0&#8243; _module_preset=&#8221;default&#8221; global_colors_info=&#8221;{}&#8221;][et_pb_button button_url=&#8221;@ET-DC@eyJkeW5hbWljIjp0cnVlLCJjb250ZW50IjoicG9zdF9saW5rX3VybF9wYWdlIiwic2V0dGluZ3MiOnsicG9zdF9pZCI6IjQ5NjMifX0=@&#8221; button_text=&#8221;Need something else? Let us fulfill your wishes&#8221; button_alignment=&#8221;center&#8221; disabled_on=&#8221;off|off|off&#8221; admin_label=&#8221;Knapp-Andra behov?&#8221; _builder_version=&#8221;4.21.0&#8243; _dynamic_attributes=&#8221;button_url&#8221; _module_preset=&#8221;default&#8221; global_module=&#8221;9706&#8243; global_colors_info=&#8221;{}&#8221;][\/et_pb_button][\/et_pb_column][\/et_pb_row][et_pb_row _builder_version=&#8221;4.21.0&#8243; _module_preset=&#8221;default&#8221; custom_padding=&#8221;|50px||50px|false|false&#8221; global_colors_info=&#8221;{}&#8221;][et_pb_column type=&#8221;4_4&#8243; _builder_version=&#8221;4.21.0&#8243; _module_preset=&#8221;default&#8221; global_colors_info=&#8221;{}&#8221;][et_pb_text admin_label=&#8221;Allt i en och samma tj\u00e4nst&#8221; _builder_version=&#8221;4.21.0&#8243; _module_preset=&#8221;default&#8221; global_colors_info=&#8221;{}&#8221;]<\/p>\n<h2 id=\"h-skapa-signera-and-vax-allt-inom-oneflow\" class=\"has-plum-05-color has-text-color\">All in one subscription<\/h2>\n<p>[\/et_pb_text][\/et_pb_column][\/et_pb_row][et_pb_row column_structure=&#8221;1_2,1_2&#8243; _builder_version=&#8221;4.21.0&#8243; _module_preset=&#8221;default&#8221; custom_padding=&#8221;|50px||50px|false|false&#8221; global_colors_info=&#8221;{}&#8221;][et_pb_column type=&#8221;1_2&#8243; _builder_version=&#8221;4.21.0&#8243; _module_preset=&#8221;default&#8221; global_colors_info=&#8221;{}&#8221;][et_pb_text admin_label=&#8221;Text-Support dygnet runt&#8221; _builder_version=&#8221;4.21.0&#8243; _module_preset=&#8221;default&#8221; global_module=&#8221;9664&#8243; global_colors_info=&#8221;{}&#8221;]<\/p>\n<h4 class=\"et_pb_module_header\">Support<\/h4>\n<p>Du f\u00e5r <a href=\"https:\/\/tellustalk.com\/en\/contact\/\">support<\/a> dygnet runt p\u00e5 b\u00e5de svenska och engelska.<\/p>\n<p>[\/et_pb_text][et_pb_text admin_label=&#8221;Text-SMS-Autosvar &#8221; _builder_version=&#8221;4.21.0&#8243; _module_preset=&#8221;default&#8221; global_module=&#8221;9660&#8243; saved_tabs=&#8221;all&#8221; global_colors_info=&#8221;{}&#8221;]<\/p>\n<h4 class=\"et_pb_module_header\"><a href=\"https:\/\/tellustalk.com\/sv\/kundportalen\/resurser\/dynamiska-autosvar\/\">Autosvar\u00a0<\/a><\/h4>\n<p>Du kan aktivera ett <a href=\"https:\/\/tellustalk.com\/kundportalen\/resurser\/dynamiska-autosvar\/\">automatiskt svar<\/a> p\u00e5 dina mottagna SMS\/MMS.<\/p>\n<p>[\/et_pb_text][et_pb_text admin_label=&#8221;Text-Adressbok&#8221; _builder_version=&#8221;4.21.0&#8243; _module_preset=&#8221;default&#8221; global_module=&#8221;9668&#8243; saved_tabs=&#8221;all&#8221; global_colors_info=&#8221;{}&#8221;]<\/p>\n<h4>Adressbok<\/h4>\n<p>Samla dina kontakter f\u00f6r smarta utskick via <a href=\"https:\/\/tellustalk.com\/kundportalen\/verktygsladan\/adressbok\/\">Adressboken<\/a>.<\/p>\n<p>[\/et_pb_text][et_pb_button button_url=&#8221;@ET-DC@eyJkeW5hbWljIjp0cnVlLCJjb250ZW50IjoicG9zdF9saW5rX3VybF9wYWdlIiwic2V0dGluZ3MiOnsicG9zdF9pZCI6IjQ5NjMifX0=@&#8221; button_text=&#8221;Contact us&#8221; button_alignment=&#8221;left&#8221; admin_label=&#8221;Knapp-kontakta oss(omv\u00e4nd)&#8221; module_class=&#8221;omvand-knapp&#8221; _builder_version=&#8221;4.21.0&#8243; _dynamic_attributes=&#8221;button_url&#8221; _module_preset=&#8221;default&#8221; custom_button=&#8221;on&#8221; global_module=&#8221;9712&#8243; saved_tabs=&#8221;all&#8221; global_colors_info=&#8221;{}&#8221;][\/et_pb_button][\/et_pb_column][et_pb_column type=&#8221;1_2&#8243; _builder_version=&#8221;4.21.0&#8243; _module_preset=&#8221;default&#8221; global_colors_info=&#8221;{}&#8221;][et_pb_text admin_label=&#8221;Text-Priser&#8221; _builder_version=&#8221;4.21.0&#8243; _dynamic_attributes=&#8221;link_option_url&#8221; _module_preset=&#8221;default&#8221; link_option_url=&#8221;@ET-DC@eyJkeW5hbWljIjp0cnVlLCJjb250ZW50IjoicG9zdF9saW5rX3VybF9wYWdlIiwic2V0dGluZ3MiOnsicG9zdF9pZCI6IjQ3MTQifX0=@&#8221; global_module=&#8221;9713&#8243; saved_tabs=&#8221;all&#8221; global_colors_info=&#8221;{}&#8221;]<\/p>\n<h4 class=\"et_pb_module_header\">Priser<\/h4>\n<p>Fast m\u00e5nadsavgift plus trafikavgifter efter anv\u00e4ndning. V\u00e4lj mellan tv\u00e5 <a href=\"https:\/\/tellustalk.com\/en\/pricing\/\">abonnemangsformer<\/a>.<\/p>\n<p>[\/et_pb_text][et_pb_text admin_label=&#8221;Text-Statistik&#8221; _builder_version=&#8221;4.21.0&#8243; _module_preset=&#8221;default&#8221; global_module=&#8221;9663&#8243; global_colors_info=&#8221;{}&#8221;]<\/p>\n<h4 class=\"et_pb_module_header\">Statistik<\/h4>\n<p>Uppdateras var 4:e timme och ger dig en <a href=\"https:\/\/tellustalk.com\/kundportalen\/statistik\/\">\u00f6versiktlig bild av trafiken \u00f6ver tid<\/a>.<\/p>\n<p>[\/et_pb_text][et_pb_text admin_label=&#8221;Funktioner: Integrera&#8221; _builder_version=&#8221;4.21.0&#8243; _module_preset=&#8221;default&#8221; global_module=&#8221;10398&#8243; saved_tabs=&#8221;all&#8221; global_colors_info=&#8221;{}&#8221;]<\/p>\n<h4>Integrera<\/h4>\n<p>Enkel integration med <a href=\"https:\/\/tellustalk.com\/en\/api\/\">API<\/a> g\u00f6r fl\u00f6det \u00e4nnu b\u00e4ttre.<\/p>\n<p>[\/et_pb_text][et_pb_button button_url=&#8221;@ET-DC@eyJkeW5hbWljIjp0cnVlLCJjb250ZW50IjoicG9zdF9saW5rX3VybF9wYWdlIiwic2V0dGluZ3MiOnsicG9zdF9pZCI6IjQ3OTIifX0=@&#8221; button_text=&#8221;Free trial&#8221; button_alignment=&#8221;left&#8221; admin_label=&#8221;Knapp-Testa kostnadsfritt(omv\u00e4nd)&#8221; module_class=&#8221;omvand-knapp&#8221; _builder_version=&#8221;4.21.0&#8243; _dynamic_attributes=&#8221;button_url&#8221; _module_preset=&#8221;default&#8221; global_module=&#8221;9689&#8243; global_colors_info=&#8221;{}&#8221;][\/et_pb_button][\/et_pb_column][\/et_pb_row][\/et_pb_section]<\/p>\n","protected":false},"excerpt":{"rendered":"<p>Receive SMS &amp; MMSReceive SMS and MMS are sent directly to your email or via API. Works worldwide.Opt in Let customers sign up for your mailings by opting in via SMS.Integrera med API, jobba fr\u00e5n din mail eller v\u00e5r verktygsl\u00e5da online Simplify customer contacts by offering more channels Today, many people prefer to send SMS [&hellip;]<\/p>\n","protected":false},"author":8,"featured_media":0,"parent":0,"menu_order":0,"comment_status":"closed","ping_status":"closed","template":"","meta":{"_acf_changed":false,"_et_pb_use_builder":"on","_et_pb_old_content":"","_et_gb_content_width":"","footnotes":""},"class_list":["post-41429","page","type-page","status-publish","hentry"],"acf":[],"_links":{"self":[{"href":"https:\/\/tellustalk.com\/en\/wp-json\/wp\/v2\/pages\/41429","targetHints":{"allow":["GET"]}}],"collection":[{"href":"https:\/\/tellustalk.com\/en\/wp-json\/wp\/v2\/pages"}],"about":[{"href":"https:\/\/tellustalk.com\/en\/wp-json\/wp\/v2\/types\/page"}],"author":[{"embeddable":true,"href":"https:\/\/tellustalk.com\/en\/wp-json\/wp\/v2\/users\/8"}],"replies":[{"embeddable":true,"href":"https:\/\/tellustalk.com\/en\/wp-json\/wp\/v2\/comments?post=41429"}],"version-history":[{"count":57,"href":"https:\/\/tellustalk.com\/en\/wp-json\/wp\/v2\/pages\/41429\/revisions"}],"predecessor-version":[{"id":42194,"href":"https:\/\/tellustalk.com\/en\/wp-json\/wp\/v2\/pages\/41429\/revisions\/42194"}],"wp:attachment":[{"href":"https:\/\/tellustalk.com\/en\/wp-json\/wp\/v2\/media?parent=41429"}],"curies":[{"name":"wp","href":"https:\/\/api.w.org\/{rel}","templated":true}]}}