{"id":41448,"date":"2022-11-09T10:30:07","date_gmt":"2022-11-09T09:30:07","guid":{"rendered":"https:\/\/tellustalk.com\/link-sms\/"},"modified":"2023-08-04T13:42:53","modified_gmt":"2023-08-04T11:42:53","slug":"link-sms","status":"publish","type":"page","link":"https:\/\/tellustalk.com\/en\/link-sms\/","title":{"rendered":"Link-SMS"},"content":{"rendered":"<p>[et_pb_section fb_built=&#8221;1&#8243; module_class=&#8221;start-sektion-sidor-bg&#8221; _builder_version=&#8221;4.21.0&#8243; _module_preset=&#8221;default&#8221; use_background_color_gradient=&#8221;on&#8221; background_color_gradient_stops=&#8221;rgba(0,0,0,0.3) 0%|rgba(0,0,0,0.3) 100%&#8221; background_color_gradient_overlays_image=&#8221;on&#8221; background_image=&#8221;https:\/\/tellustalk.com\/wp-content\/uploads\/2023\/07\/tellustalk-elektronisk-signering-foretag.jpg&#8221; background_repeat=&#8221;repeat&#8221; custom_padding=&#8221;0px||0px||false|false&#8221; border_width_top=&#8221;30px&#8221; border_color_top=&#8221;gcid-78056410-02fe-4524-ba5e-945f4e88448e&#8221; global_colors_info=&#8221;{%22gcid-78056410-02fe-4524-ba5e-945f4e88448e%22:%91%22border_color_top%22%93}&#8221;][et_pb_row column_structure=&#8221;2_3,1_3&#8243; _builder_version=&#8221;4.21.0&#8243; _module_preset=&#8221;default&#8221; use_background_color_gradient=&#8221;on&#8221; background_color_gradient_stops=&#8221;rgba(20,20,20,0.29) 0%|rgba(20,20,20,0.29) 100%&#8221; background_color_gradient_overlays_image=&#8221;on&#8221; background_image=&#8221;https:\/\/tellustalk.com\/wp-content\/uploads\/2023\/07\/tellustalk-sms-lank.jpg&#8221; custom_padding=&#8221;90px||90px||true|false&#8221; global_colors_info=&#8221;{}&#8221;][et_pb_column type=&#8221;2_3&#8243; _builder_version=&#8221;4.20.2&#8243; _module_preset=&#8221;default&#8221; global_colors_info=&#8221;{}&#8221;][et_pb_text admin_label=&#8221;Richards header &#8211; ljusgr\u00f6n H1&#8243; _builder_version=&#8221;4.21.0&#8243; _module_preset=&#8221;default&#8221; text_text_color=&#8221;#FFFFFF&#8221; header_text_align=&#8221;center&#8221; header_text_color=&#8221;#FFFFFF&#8221; header_2_text_color=&#8221;#FFFFFF&#8221; header_3_text_color=&#8221;#FFFFFF&#8221; background_layout=&#8221;dark&#8221; hover_enabled=&#8221;0&#8243; global_colors_info=&#8221;{}&#8221; sticky_enabled=&#8221;0&#8243;]<\/p>\n<p style=\"text-align: center;\"><img decoding=\"async\" class=\"wp-image-6521 alignnone size-full alignleft\" src=\"https:\/\/tellustalk.com\/wp-content\/uploads\/2023\/04\/smsikonstart.png\" alt=\"\" width=\"148\" height=\"124\"><\/p>\n<p style=\"text-align: left;\">Use<\/p>\n<h1 style=\"text-align: left;\">Link-SMS<\/h1>\n<p>for a thriving business<\/p>\n<p>&nbsp;<\/p>\n<p>[\/et_pb_text][\/et_pb_column][et_pb_column type=&#8221;1_3&#8243; _builder_version=&#8221;4.20.2&#8243; _module_preset=&#8221;default&#8221; global_colors_info=&#8221;{}&#8221;][et_pb_image src=&#8221;https:\/\/tellustalk.com\/wp-content\/uploads\/2023\/06\/Tellustalk-Websize-33-scaled-e1689325846937.jpg&#8221; align=&#8221;center&#8221; disabled_on=&#8221;on|on|off&#8221; _builder_version=&#8221;4.21.0&#8243; _module_preset=&#8221;default&#8221; max_width=&#8221;280px&#8221; border_radii=&#8221;on|50%|50%|50%|50%&#8221; global_colors_info=&#8221;{}&#8221;][\/et_pb_image][\/et_pb_column][\/et_pb_row][et_pb_row _builder_version=&#8221;4.20.2&#8243; _module_preset=&#8221;default&#8221; custom_padding=&#8221;14px|||||&#8221; global_colors_info=&#8221;{}&#8221;][et_pb_column type=&#8221;4_4&#8243; _builder_version=&#8221;4.20.2&#8243; _module_preset=&#8221;default&#8221; global_colors_info=&#8221;{}&#8221;][et_pb_text admin_label=&#8221;Underrubrik- Integrera med API, jobba fr\u00e5n din mail eller v\u00e5r verktygsl\u00e5da online&#8221; _builder_version=&#8221;4.21.0&#8243; _module_preset=&#8221;default&#8221; global_module=&#8221;9704&#8243; global_colors_info=&#8221;{}&#8221;]<\/p>\n<p style=\"text-align: center;\">Integrera med <a href=\"https:\/\/tellustalk.com\/en\/api\/\">API<\/a>, jobba fr\u00e5n <a href=\"https:\/\/tellustalk.com\/kundportalen\/mailen\/\">din mail<\/a> eller v\u00e5r <a href=\"https:\/\/tellustalk.com\/kundportalen\/verktygsladan\/\">verktygsl\u00e5da online<\/a><\/p>\n<p>[\/et_pb_text][\/et_pb_column][\/et_pb_row][et_pb_row column_structure=&#8221;1_2,1_2&#8243; _builder_version=&#8221;4.21.0&#8243; _module_preset=&#8221;default&#8221; global_colors_info=&#8221;{}&#8221;][et_pb_column type=&#8221;1_2&#8243; _builder_version=&#8221;4.21.0&#8243; _module_preset=&#8221;default&#8221; global_colors_info=&#8221;{}&#8221;][et_pb_text disabled_on=&#8221;off|off|off&#8221; admin_label=&#8221;Som MMS&#8221; _builder_version=&#8221;4.21.0&#8243; _module_preset=&#8221;default&#8221; global_colors_info=&#8221;{}&#8221;]<\/p>\n<h2 class=\"text-yellow text-uppercase\" style=\"text-align: center;\">Like MMS<\/h2>\n<p class=\"p1\" style=\"text-align: center;\">Send photos, videos and documents to mobile phones.<\/p>\n<p>[\/et_pb_text][et_pb_button button_url=&#8221;@ET-DC@eyJkeW5hbWljIjp0cnVlLCJjb250ZW50IjoicG9zdF9saW5rX3VybF9wYWdlIiwic2V0dGluZ3MiOnsicG9zdF9pZCI6IjQ3OTIifX0=@&#8221; button_text=&#8221;Get started today&#8221; button_alignment=&#8221;center&#8221; admin_label=&#8221;Knapp-kom ig\u00e5ng idag&#8221; _builder_version=&#8221;4.21.0&#8243; _dynamic_attributes=&#8221;button_url&#8221; _module_preset=&#8221;default&#8221; global_module=&#8221;9685&#8243; global_colors_info=&#8221;{}&#8221;][\/et_pb_button][\/et_pb_column][et_pb_column type=&#8221;1_2&#8243; _builder_version=&#8221;4.21.0&#8243; _module_preset=&#8221;default&#8221; global_colors_info=&#8221;{}&#8221;][et_pb_text admin_label=&#8221;Fast b\u00e4ttre&#8221; _builder_version=&#8221;4.21.0&#8243; _module_preset=&#8221;default&#8221; global_colors_info=&#8221;{}&#8221;]<\/p>\n<h2 class=\"p1\" style=\"text-align: center;\">But even better!<\/h2>\n<p class=\"p1\" style=\"text-align: center;\">Works worldwide, on all phones. Larger size and smaller price.<\/p>\n<p>[\/et_pb_text][et_pb_button button_url=&#8221;@ET-DC@eyJkeW5hbWljIjp0cnVlLCJjb250ZW50IjoicG9zdF9saW5rX3VybF9wYWdlIiwic2V0dGluZ3MiOnsicG9zdF9pZCI6IjQ5NjMifX0=@&#8221; button_text=&#8221;Contact us&#8221; button_alignment=&#8221;center&#8221; admin_label=&#8221;Knapp &#8211; Kontakta oss&#8221; _builder_version=&#8221;4.21.0&#8243; _dynamic_attributes=&#8221;button_url&#8221; _module_preset=&#8221;default&#8221; global_module=&#8221;343&#8243; saved_tabs=&#8221;all&#8221; global_colors_info=&#8221;{}&#8221;][\/et_pb_button][\/et_pb_column][\/et_pb_row][\/et_pb_section][et_pb_section fb_built=&#8221;1&#8243; _builder_version=&#8221;4.21.0&#8243; _module_preset=&#8221;default&#8221; background_enable_image=&#8221;off&#8221; global_colors_info=&#8221;{}&#8221;][et_pb_row _builder_version=&#8221;4.21.0&#8243; _module_preset=&#8221;default&#8221; use_background_color_gradient=&#8221;on&#8221; background_color_gradient_stops=&#8221;rgba(0,0,0,0.3) 0%|rgba(0,0,0,0.3) 100%&#8221; background_color_gradient_overlays_image=&#8221;on&#8221; background_image=&#8221;https:\/\/tellustalk.com\/wp-content\/uploads\/2023\/07\/tellustalk-sms-lank-foretag.jpg&#8221; background_position=&#8221;bottom_center&#8221; background_vertical_offset=&#8221;80%&#8221; custom_padding=&#8221;50px||100px||false|false&#8221; border_width_top=&#8221;30px&#8221; border_color_top=&#8221;gcid-78056410-02fe-4524-ba5e-945f4e88448e&#8221; global_colors_info=&#8221;{%22gcid-78056410-02fe-4524-ba5e-945f4e88448e%22:%91%22border_color_top%22%93}&#8221;][et_pb_column type=&#8221;4_4&#8243; _builder_version=&#8221;4.20.2&#8243; _module_preset=&#8221;default&#8221; global_colors_info=&#8221;{}&#8221;][et_pb_text admin_label=&#8221;L\u00e5t dina tj\u00e4nster blomma&#8221; _builder_version=&#8221;4.21.0&#8243; _module_preset=&#8221;default&#8221; text_text_color=&#8221;#FFFFFF&#8221; header_text_color=&#8221;#FFFFFF&#8221; header_2_text_color=&#8221;#FFFFFF&#8221; header_3_text_color=&#8221;#FFFFFF&#8221; header_4_text_color=&#8221;#FFFFFF&#8221; header_5_text_color=&#8221;#FFFFFF&#8221; header_6_text_color=&#8221;#FFFFFF&#8221; background_layout=&#8221;dark&#8221; custom_margin=&#8221;||||false|false&#8221; custom_padding=&#8221;|50px||50px|false|false&#8221; global_colors_info=&#8221;{}&#8221;]<\/p>\n<h3 class=\"p1\">Let your services thrive<\/h3>\n<p class=\"p3\">By sending significantly much more for a smaller price. Become more efficient and your work more enjoyable.<\/p>\n<p>[\/et_pb_text][\/et_pb_column][\/et_pb_row][et_pb_row _builder_version=&#8221;4.21.0&#8243; _module_preset=&#8221;default&#8221; global_colors_info=&#8221;{}&#8221;][et_pb_column type=&#8221;4_4&#8243; _builder_version=&#8221;4.21.0&#8243; _module_preset=&#8221;default&#8221; global_colors_info=&#8221;{}&#8221;][et_pb_code admin_label=&#8221;Code &#8211; areas of usage link-sms&#8221; _builder_version=&#8221;4.21.0&#8243; _module_preset=&#8221;default&#8221; locked=&#8221;off&#8221; global_colors_info=&#8221;{}&#8221;][\/et_pb_code][\/et_pb_column][\/et_pb_row][et_pb_row _builder_version=&#8221;4.21.0&#8243; _module_preset=&#8221;default&#8221; global_colors_info=&#8221;{}&#8221;][et_pb_column type=&#8221;4_4&#8243; _builder_version=&#8221;4.21.0&#8243; _module_preset=&#8221;default&#8221; global_colors_info=&#8221;{}&#8221;][et_pb_button button_url=&#8221;@ET-DC@eyJkeW5hbWljIjp0cnVlLCJjb250ZW50IjoicG9zdF9saW5rX3VybF9wYWdlIiwic2V0dGluZ3MiOnsicG9zdF9pZCI6IjQ5NjMifX0=@&#8221; button_text=&#8221;Need something else? Let us fulfill your wishes&#8221; button_alignment=&#8221;center&#8221; disabled_on=&#8221;off|off|off&#8221; admin_label=&#8221;Knapp-Andra behov?&#8221; _builder_version=&#8221;4.21.0&#8243; _dynamic_attributes=&#8221;button_url&#8221; _module_preset=&#8221;default&#8221; global_module=&#8221;9706&#8243; global_colors_info=&#8221;{}&#8221;][\/et_pb_button][\/et_pb_column][\/et_pb_row][et_pb_row _builder_version=&#8221;4.21.0&#8243; _module_preset=&#8221;default&#8221; background_color=&#8221;gcid-2bbfe04f-58ff-4a3b-9214-d304d46818fd&#8221; custom_margin=&#8221;51px|auto||auto|false|false&#8221; custom_padding=&#8221;55px||50px||false|false&#8221; global_colors_info=&#8221;{%22gcid-2bbfe04f-58ff-4a3b-9214-d304d46818fd%22:%91%22background_color%22%93}&#8221;][et_pb_column type=&#8221;4_4&#8243; _builder_version=&#8221;4.20.4&#8243; _module_preset=&#8221;default&#8221; global_colors_info=&#8221;{}&#8221;][et_pb_text disabled_on=&#8221;off|off|off&#8221; admin_label=&#8221;Din nya l\u00e4nk i arbetskedjan&#8221; _builder_version=&#8221;4.21.0&#8243; _module_preset=&#8221;default&#8221; custom_padding=&#8221;|50px||50px|false|false&#8221; global_colors_info=&#8221;{}&#8221;]<\/p>\n<h2>Your new link in the work chain<\/h2>\n<p>The service is as simple and stable as regular SMS<\/p>\n<p class=\"p1\">[\/et_pb_text][\/et_pb_column][\/et_pb_row][et_pb_row column_structure=&#8221;1_2,1_2&#8243; _builder_version=&#8221;4.21.0&#8243; _module_preset=&#8221;default&#8221; background_color=&#8221;#E2EDCF&#8221; custom_padding=&#8221;0px|50px|55px|50px|false|false&#8221; global_colors_info=&#8221;{}&#8221;][et_pb_column type=&#8221;1_2&#8243; _builder_version=&#8221;4.21.0&#8243; _module_preset=&#8221;default&#8221; global_colors_info=&#8221;{}&#8221;][et_pb_text admin_label=&#8221;Text-l\u00e4nk 1&#8243; _builder_version=&#8221;4.21.0&#8243; _module_preset=&#8221;default&#8221; global_colors_info=&#8221;{}&#8221;]<\/p>\n<h4 class=\"et_pb_module_header\">+ Attachments<\/h4>\n<p class=\"p1\">You avoid limitations regarding the size and type of attachment.<\/p>\n<h4 class=\"et_pb_module_header\">Pay for one SMS<\/h4>\n<p class=\"p1\">Send a lot of information, pay for just one SMS.<\/p>\n<p>[\/et_pb_text][\/et_pb_column][et_pb_column type=&#8221;1_2&#8243; _builder_version=&#8221;4.21.0&#8243; _module_preset=&#8221;default&#8221; global_colors_info=&#8221;{}&#8221;][et_pb_text admin_label=&#8221;Text-l\u00e4nk2&#8243; _builder_version=&#8221;4.21.0&#8243; _module_preset=&#8221;default&#8221; global_colors_info=&#8221;{}&#8221;]<\/p>\n<h4 class=\"et_pb_module_header\">Global coverage<\/h4>\n<p>Unlike MMS, which is not supported in all countries.<\/p>\n<h4 class=\"et_pb_module_header\">Works with all mobile phones<\/h4>\n<p>MMS is not supported in all mobile phones (default setting).<\/p>\n<p>[\/et_pb_text][\/et_pb_column][\/et_pb_row][et_pb_row _builder_version=&#8221;4.21.0&#8243; _module_preset=&#8221;default&#8221; global_colors_info=&#8221;{}&#8221;][et_pb_column type=&#8221;4_4&#8243; _builder_version=&#8221;4.21.0&#8243; _module_preset=&#8221;default&#8221; global_colors_info=&#8221;{}&#8221;][et_pb_button button_url=&#8221;@ET-DC@eyJkeW5hbWljIjp0cnVlLCJjb250ZW50IjoicG9zdF9saW5rX3VybF9wYWdlIiwic2V0dGluZ3MiOnsicG9zdF9pZCI6IjQ3OTIifX0=@&#8221; button_text=&#8221;Get started today&#8221; button_alignment=&#8221;center&#8221; admin_label=&#8221;Knapp-kom ig\u00e5ng idag&#8221; _builder_version=&#8221;4.21.0&#8243; _dynamic_attributes=&#8221;button_url&#8221; _module_preset=&#8221;default&#8221; global_module=&#8221;9685&#8243; global_colors_info=&#8221;{}&#8221;][\/et_pb_button][\/et_pb_column][\/et_pb_row][et_pb_row _builder_version=&#8221;4.21.0&#8243; _module_preset=&#8221;default&#8221; custom_padding=&#8221;|50px||50px|false|false&#8221; global_colors_info=&#8221;{}&#8221;][et_pb_column type=&#8221;4_4&#8243; _builder_version=&#8221;4.21.0&#8243; _module_preset=&#8221;default&#8221; global_colors_info=&#8221;{}&#8221;][et_pb_text admin_label=&#8221;L\u00e4nka med L\u00e4nk-SMS&#8221; _builder_version=&#8221;4.21.0&#8243; _module_preset=&#8221;default&#8221; global_colors_info=&#8221;{}&#8221;]<\/p>\n<h2 id=\"h-skapa-signera-and-vax-allt-inom-oneflow\" class=\"has-plum-05-color has-text-color\">Link business with pleasure<\/h2>\n<p>[\/et_pb_text][\/et_pb_column][\/et_pb_row][et_pb_row column_structure=&#8221;1_2,1_2&#8243; _builder_version=&#8221;4.21.0&#8243; _module_preset=&#8221;default&#8221; custom_padding=&#8221;|50px||50px|false|false&#8221; global_colors_info=&#8221;{}&#8221;][et_pb_column type=&#8221;1_2&#8243; _builder_version=&#8221;4.21.0&#8243; _module_preset=&#8221;default&#8221; global_colors_info=&#8221;{}&#8221;][et_pb_text admin_label=&#8221;Text-Support dygnet runt&#8221; _builder_version=&#8221;4.21.0&#8243; _module_preset=&#8221;default&#8221; global_module=&#8221;9664&#8243; global_colors_info=&#8221;{}&#8221;]<\/p>\n<h4 class=\"et_pb_module_header\">Support<\/h4>\n<p>Du f\u00e5r <a href=\"https:\/\/tellustalk.com\/en\/contact\/\">support<\/a> dygnet runt p\u00e5 b\u00e5de svenska och engelska.<\/p>\n<p>[\/et_pb_text][et_pb_text admin_label=&#8221;funktioner: sms till l\u00e4nk-sms&#8221; _builder_version=&#8221;4.21.0&#8243; _module_preset=&#8221;default&#8221; global_module=&#8221;9914&#8243; saved_tabs=&#8221;all&#8221; global_colors_info=&#8221;{}&#8221;]<\/p>\n<h4>Bifoga filer<\/h4>\n<p>S\u00e5 konverterar vi automatiskt meddelandet till ett <a href=\"https:\/\/tellustalk.com\/en\/link-sms\/\">L\u00e4nk-SMS<\/a><\/p>\n<p>[\/et_pb_text][et_pb_text admin_label=&#8221;Funktioner: l\u00e4nk-ett sms skickas&#8221; _builder_version=&#8221;4.21.0&#8243; _module_preset=&#8221;default&#8221; global_colors_info=&#8221;{}&#8221;]<\/p>\n<h4 class=\"et_pb_module_header\">One SMS is being sent<\/h4>\n<p>The recipient receives an SMS with a short message and an automatically generated link.<\/p>\n<p>[\/et_pb_text][et_pb_text admin_label=&#8221;Funktioner: l\u00e4nk-unik webbsida&#8221; _builder_version=&#8221;4.21.0&#8243; _module_preset=&#8221;default&#8221; global_colors_info=&#8221;{}&#8221;]<\/p>\n<h4 class=\"et_pb_module_header\">Unique webpage<\/h4>\n<p>Your formatted message and attachments are displayed on an automatically generated web page.<\/p>\n<p>[\/et_pb_text][et_pb_text admin_label=&#8221;Funktioner: l\u00e4nk-sp\u00e5rbara&#8221; _builder_version=&#8221;4.21.0&#8243; _module_preset=&#8221;default&#8221; global_colors_info=&#8221;{}&#8221;]<\/p>\n<h4 class=\"et_pb_module_header\">Traceable<\/h4>\n<p class=\"p1\">The link is unique for each recipient and gives you click statistics.<\/p>\n<p>[\/et_pb_text][et_pb_text admin_label=&#8221;Funktioner: l\u00e4nk-svarsfunktion&#8221; _builder_version=&#8221;4.21.0&#8243; _module_preset=&#8221;default&#8221; global_colors_info=&#8221;{}&#8221;]<\/p>\n<h4 class=\"et_pb_module_header\">Secure replies<\/h4>\n<p>Advanced reply function where the recipient can attach images, files and indicate their GPS position in the reply<\/p>\n<p>[\/et_pb_text][et_pb_text admin_label=&#8221;Funktioner: l\u00e4nk-anv\u00e4nds vid sign och skyddade&#8221; _builder_version=&#8221;4.21.0&#8243; _module_preset=&#8221;default&#8221; global_colors_info=&#8221;{}&#8221;]<\/p>\n<h4>Always used<\/h4>\n<p>If you send <a href=\"https:\/\/tellustalk.com\/en\/secure-messages\/\">secure messages<\/a> or an invitation to <a href=\"https:\/\/tellustalk.com\/en\/electronic-signing\/\">e-signing<\/a> via SMS.<\/p>\n<p>[\/et_pb_text][et_pb_button button_url=&#8221;@ET-DC@eyJkeW5hbWljIjp0cnVlLCJjb250ZW50IjoicG9zdF9saW5rX3VybF9wYWdlIiwic2V0dGluZ3MiOnsicG9zdF9pZCI6IjQ5NjMifX0=@&#8221; button_text=&#8221;Contact us&#8221; button_alignment=&#8221;left&#8221; admin_label=&#8221;Knapp-kontakta oss(omv\u00e4nd)&#8221; module_class=&#8221;omvand-knapp&#8221; _builder_version=&#8221;4.21.0&#8243; _dynamic_attributes=&#8221;button_url&#8221; _module_preset=&#8221;default&#8221; custom_button=&#8221;on&#8221; global_module=&#8221;9712&#8243; saved_tabs=&#8221;all&#8221; global_colors_info=&#8221;{}&#8221;][\/et_pb_button][\/et_pb_column][et_pb_column type=&#8221;1_2&#8243; _builder_version=&#8221;4.21.0&#8243; _module_preset=&#8221;default&#8221; global_colors_info=&#8221;{}&#8221;][et_pb_text admin_label=&#8221;Text-Priser&#8221; _builder_version=&#8221;4.21.0&#8243; _dynamic_attributes=&#8221;link_option_url&#8221; _module_preset=&#8221;default&#8221; link_option_url=&#8221;@ET-DC@eyJkeW5hbWljIjp0cnVlLCJjb250ZW50IjoicG9zdF9saW5rX3VybF9wYWdlIiwic2V0dGluZ3MiOnsicG9zdF9pZCI6IjQ3MTQifX0=@&#8221; global_module=&#8221;9713&#8243; saved_tabs=&#8221;all&#8221; global_colors_info=&#8221;{}&#8221;]<\/p>\n<h4 class=\"et_pb_module_header\">Priser<\/h4>\n<p>Fast m\u00e5nadsavgift plus trafikavgifter efter anv\u00e4ndning. V\u00e4lj mellan tv\u00e5 <a href=\"https:\/\/tellustalk.com\/en\/pricing\/\">abonnemangsformer<\/a>.<\/p>\n<p>[\/et_pb_text][et_pb_text admin_label=&#8221;Text-Skicka fr\u00e5n webben&#8221; _builder_version=&#8221;4.21.0&#8243; _module_preset=&#8221;default&#8221; global_module=&#8221;9667&#8243; saved_tabs=&#8221;all&#8221; global_colors_info=&#8221;{}&#8221;]<\/p>\n<h4>Skicka fr\u00e5n webben<\/h4>\n<p><a href=\"https:\/\/tellustalk.com\/kundportalen\/verktygsladan\/\">Verktygsl\u00e5dan<\/a> fungerar lika bra p\u00e5 datorn som p\u00e5 mobilen.<\/p>\n<p>[\/et_pb_text][et_pb_text admin_label=&#8221;Text-Adressbok&#8221; _builder_version=&#8221;4.21.0&#8243; _module_preset=&#8221;default&#8221; global_module=&#8221;9668&#8243; saved_tabs=&#8221;all&#8221; global_colors_info=&#8221;{}&#8221;]<\/p>\n<h4>Adressbok<\/h4>\n<p>Samla dina kontakter f\u00f6r smarta utskick via <a href=\"https:\/\/tellustalk.com\/kundportalen\/verktygsladan\/adressbok\/\">Adressboken<\/a>.<\/p>\n<p>[\/et_pb_text][et_pb_text admin_label=&#8221;Text-SMS-Olika avs\u00e4ndare&#8221; _builder_version=&#8221;4.21.0&#8243; _module_preset=&#8221;default&#8221; global_module=&#8221;9659&#8243; saved_tabs=&#8221;all&#8221; global_colors_info=&#8221;{}&#8221;]<\/p>\n<h4 class=\"et_pb_module_header\"><a href=\"https:\/\/tellustalk.com\/sv\/kundportalen\/resurser\/dynamiska-autosvar\/\">Olika avs\u00e4ndare<\/a><\/h4>\n<p>Du kan v\u00e4lja vilken typ av avs\u00e4ndare du vill ha p\u00e5 ditt SMS. Standard \u00e4r <a href=\"https:\/\/tellustalk.com\/kundportalen\/verktygsladan\/installningar\/svars-sms\/\">svars-sms<\/a>.<\/p>\n<p>[\/et_pb_text][et_pb_text admin_label=&#8221;Text-Leveranskvitto&#8221; _builder_version=&#8221;4.21.0&#8243; _module_preset=&#8221;default&#8221; global_module=&#8221;9661&#8243; global_colors_info=&#8221;{}&#8221;]<\/p>\n<h4 class=\"et_pb_module_header\">Leveranskvitto<\/h4>\n<p>V\u00e4lj mellan alltid, vid framg\u00e5ng eller vid misslyckande <a href=\"https:\/\/tellustalk.com\/kundportalen\/verktygsladan\/installningar\/\">leveranser<\/a>.<\/p>\n<p>[\/et_pb_text][et_pb_text admin_label=&#8221;Text-Realtidsloggar&#8221; _builder_version=&#8221;4.21.0&#8243; _module_preset=&#8221;default&#8221; global_module=&#8221;9662&#8243; global_colors_info=&#8221;{}&#8221;]<\/p>\n<h4 class=\"et_pb_module_header\"><a href=\"https:\/\/tellustalk.com\/sv\/kundportalen\/loggar\/\">Realtidsloggar<\/a><\/h4>\n<p>Visar <a href=\"https:\/\/tellustalk.com\/kundportalen\/loggar\/\">status p\u00e5 all trafik<\/a> oavsett om det \u00e4r SMS, mail eller fax.<\/p>\n<p>[\/et_pb_text][et_pb_text admin_label=&#8221;Text-Statistik&#8221; _builder_version=&#8221;4.21.0&#8243; _module_preset=&#8221;default&#8221; global_module=&#8221;9663&#8243; global_colors_info=&#8221;{}&#8221;]<\/p>\n<h4 class=\"et_pb_module_header\">Statistik<\/h4>\n<p>Uppdateras var 4:e timme och ger dig en <a href=\"https:\/\/tellustalk.com\/kundportalen\/statistik\/\">\u00f6versiktlig bild av trafiken \u00f6ver tid<\/a>.<\/p>\n<p>[\/et_pb_text][et_pb_button button_url=&#8221;@ET-DC@eyJkeW5hbWljIjp0cnVlLCJjb250ZW50IjoicG9zdF9saW5rX3VybF9wYWdlIiwic2V0dGluZ3MiOnsicG9zdF9pZCI6IjQ3OTIifX0=@&#8221; button_text=&#8221;Free trial&#8221; button_alignment=&#8221;left&#8221; admin_label=&#8221;Knapp-Testa kostnadsfritt(omv\u00e4nd)&#8221; module_class=&#8221;omvand-knapp&#8221; _builder_version=&#8221;4.21.0&#8243; _dynamic_attributes=&#8221;button_url&#8221; _module_preset=&#8221;default&#8221; global_module=&#8221;9689&#8243; global_colors_info=&#8221;{}&#8221;][\/et_pb_button][\/et_pb_column][\/et_pb_row][\/et_pb_section]<\/p>\n","protected":false},"excerpt":{"rendered":"<p>Use Link-SMS for a thriving business &nbsp;Integrera med API, jobba fr\u00e5n din mail eller v\u00e5r verktygsl\u00e5da online Like MMS Send photos, videos and documents to mobile phones.But even better! Works worldwide, on all phones. Larger size and smaller price.Let your services thrive By sending significantly much more for a smaller price. Become more efficient and [&hellip;]<\/p>\n","protected":false},"author":2,"featured_media":0,"parent":0,"menu_order":0,"comment_status":"closed","ping_status":"closed","template":"","meta":{"_acf_changed":false,"_et_pb_use_builder":"on","_et_pb_old_content":"","_et_gb_content_width":"","footnotes":""},"class_list":["post-41448","page","type-page","status-publish","hentry"],"acf":[],"_links":{"self":[{"href":"https:\/\/tellustalk.com\/en\/wp-json\/wp\/v2\/pages\/41448","targetHints":{"allow":["GET"]}}],"collection":[{"href":"https:\/\/tellustalk.com\/en\/wp-json\/wp\/v2\/pages"}],"about":[{"href":"https:\/\/tellustalk.com\/en\/wp-json\/wp\/v2\/types\/page"}],"author":[{"embeddable":true,"href":"https:\/\/tellustalk.com\/en\/wp-json\/wp\/v2\/users\/2"}],"replies":[{"embeddable":true,"href":"https:\/\/tellustalk.com\/en\/wp-json\/wp\/v2\/comments?post=41448"}],"version-history":[{"count":10,"href":"https:\/\/tellustalk.com\/en\/wp-json\/wp\/v2\/pages\/41448\/revisions"}],"predecessor-version":[{"id":42146,"href":"https:\/\/tellustalk.com\/en\/wp-json\/wp\/v2\/pages\/41448\/revisions\/42146"}],"wp:attachment":[{"href":"https:\/\/tellustalk.com\/en\/wp-json\/wp\/v2\/media?parent=41448"}],"curies":[{"name":"wp","href":"https:\/\/api.w.org\/{rel}","templated":true}]}}