{"id":42050,"date":"2022-12-22T09:35:36","date_gmt":"2022-12-22T08:35:36","guid":{"rendered":"https:\/\/tellustalk.com\/secure-messages\/secure-email\/"},"modified":"2023-08-04T13:43:01","modified_gmt":"2023-08-04T11:43:01","slug":"secure-email","status":"publish","type":"page","link":"https:\/\/tellustalk.com\/en\/services\/secure-messages\/secure-email\/","title":{"rendered":"Secure email"},"content":{"rendered":"<p>[et_pb_section fb_built=&#8221;1&#8243; module_class=&#8221;start-sektion-sidor-bg&#8221; _builder_version=&#8221;4.21.0&#8243; _module_preset=&#8221;default&#8221; use_background_color_gradient=&#8221;on&#8221; background_color_gradient_stops=&#8221;rgba(0,0,0,0.3) 0%|rgba(0,0,0,0.3) 100%&#8221; background_color_gradient_overlays_image=&#8221;on&#8221; background_image=&#8221;https:\/\/tellustalk.com\/wp-content\/uploads\/2023\/07\/tellustalk-sakra-meddelanden.jpg&#8221; background_repeat=&#8221;repeat&#8221; custom_padding=&#8221;0px||0px||false|false&#8221; border_width_top=&#8221;30px&#8221; border_color_top=&#8221;gcid-78056410-02fe-4524-ba5e-945f4e88448e&#8221; global_colors_info=&#8221;{%22gcid-78056410-02fe-4524-ba5e-945f4e88448e%22:%91%22border_color_top%22%93}&#8221;][et_pb_row column_structure=&#8221;2_3,1_3&#8243; _builder_version=&#8221;4.21.0&#8243; _module_preset=&#8221;default&#8221; background_image=&#8221;https:\/\/tellustalk.com\/wp-content\/uploads\/2023\/07\/tellustalk-bankid.jpg&#8221; custom_padding=&#8221;90px||90px||true|false&#8221; global_colors_info=&#8221;{}&#8221;][et_pb_column type=&#8221;2_3&#8243; _builder_version=&#8221;4.20.2&#8243; _module_preset=&#8221;default&#8221; global_colors_info=&#8221;{}&#8221;][et_pb_text admin_label=&#8221;Richards header &#8211; ljusgr\u00f6n H1&#8243; _builder_version=&#8221;4.21.0&#8243; _module_preset=&#8221;default&#8221; text_text_color=&#8221;#FFFFFF&#8221; header_text_align=&#8221;center&#8221; header_text_color=&#8221;#FFFFFF&#8221; header_2_text_color=&#8221;#FFFFFF&#8221; header_3_text_color=&#8221;#FFFFFF&#8221; background_layout=&#8221;dark&#8221; hover_enabled=&#8221;0&#8243; global_colors_info=&#8221;{}&#8221; sticky_enabled=&#8221;0&#8243;]<\/p>\n<p style=\"text-align: center;\"><img decoding=\"async\" class=\"wp-image-6521 alignnone size-full alignleft\" src=\"https:\/\/tellustalk.com\/wp-content\/uploads\/2023\/04\/smsikonstart.png\" alt=\"\" width=\"148\" height=\"124\"><\/p>\n<p style=\"text-align: left;\">Protect sensitive information with<\/p>\n<h1 style=\"text-align: left;\">Secure Email<\/h1>\n<p>&nbsp;<\/p>\n<p>[\/et_pb_text][\/et_pb_column][et_pb_column type=&#8221;1_3&#8243; _builder_version=&#8221;4.20.2&#8243; _module_preset=&#8221;default&#8221; global_colors_info=&#8221;{}&#8221;][et_pb_image src=&#8221;https:\/\/tellustalk.com\/wp-content\/uploads\/2023\/06\/Tellustalk-Websize-37-scaled-e1689325108115.jpg&#8221; title_text=&#8221;Jessica Pietsch&#8221; align=&#8221;center&#8221; disabled_on=&#8221;on|on|off&#8221; _builder_version=&#8221;4.21.0&#8243; _module_preset=&#8221;default&#8221; max_width=&#8221;280px&#8221; border_radii=&#8221;on|50%|50%|50%|50%&#8221; global_colors_info=&#8221;{}&#8221;][\/et_pb_image][\/et_pb_column][\/et_pb_row][et_pb_row _builder_version=&#8221;4.20.2&#8243; _module_preset=&#8221;default&#8221; custom_padding=&#8221;14px|||||&#8221; global_colors_info=&#8221;{}&#8221;][et_pb_column type=&#8221;4_4&#8243; _builder_version=&#8221;4.20.2&#8243; _module_preset=&#8221;default&#8221; global_colors_info=&#8221;{}&#8221;][et_pb_text admin_label=&#8221;Underrubrik- Integrera med API, jobba fr\u00e5n din mail eller v\u00e5r verktygsl\u00e5da online&#8221; _builder_version=&#8221;4.21.0&#8243; _module_preset=&#8221;default&#8221; global_module=&#8221;9704&#8243; global_colors_info=&#8221;{}&#8221;]<\/p>\n<p style=\"text-align: center;\">Integrera med <a href=\"https:\/\/tellustalk.com\/en\/api\/\">API<\/a>, jobba fr\u00e5n <a href=\"https:\/\/tellustalk.com\/kundportalen\/mailen\/\">din mail<\/a> eller v\u00e5r <a href=\"https:\/\/tellustalk.com\/kundportalen\/verktygsladan\/\">verktygsl\u00e5da online<\/a><\/p>\n<p>[\/et_pb_text][\/et_pb_column][\/et_pb_row][et_pb_row column_structure=&#8221;1_2,1_2&#8243; _builder_version=&#8221;4.21.0&#8243; _module_preset=&#8221;default&#8221; global_colors_info=&#8221;{}&#8221;][et_pb_column type=&#8221;1_2&#8243; _builder_version=&#8221;4.21.0&#8243; _module_preset=&#8221;default&#8221; global_colors_info=&#8221;{}&#8221;][et_pb_text disabled_on=&#8221;off|off|off&#8221; admin_label=&#8221;Skicka s\u00e4kert&#8221; _builder_version=&#8221;4.21.0&#8243; _module_preset=&#8221;default&#8221; global_colors_info=&#8221;{}&#8221;]<\/p>\n<h2 class=\"text-yellow text-uppercase\" style=\"text-align: center;\">Identification<\/h2>\n<p class=\"p1\" style=\"text-align: center;\">When you have sent a Secure Email, the recipient must first identify themselves with eID or OTP before they can read your message.<\/p>\n<p>[\/et_pb_text][et_pb_button button_url=&#8221;@ET-DC@eyJkeW5hbWljIjp0cnVlLCJjb250ZW50IjoicG9zdF9saW5rX3VybF9wYWdlIiwic2V0dGluZ3MiOnsicG9zdF9pZCI6IjQ3OTIifX0=@&#8221; button_text=&#8221;Get started today&#8221; button_alignment=&#8221;center&#8221; admin_label=&#8221;Knapp-kom ig\u00e5ng idag&#8221; _builder_version=&#8221;4.21.0&#8243; _dynamic_attributes=&#8221;button_url&#8221; _module_preset=&#8221;default&#8221; global_module=&#8221;9697&#8243; saved_tabs=&#8221;all&#8221; global_colors_info=&#8221;{}&#8221;][\/et_pb_button][\/et_pb_column][et_pb_column type=&#8221;1_2&#8243; _builder_version=&#8221;4.21.0&#8243; _module_preset=&#8221;default&#8221; global_colors_info=&#8221;{}&#8221;][et_pb_text admin_label=&#8221;Inga appar&#8221; _builder_version=&#8221;4.21.0&#8243; _module_preset=&#8221;default&#8221; global_colors_info=&#8221;{}&#8221;]<\/p>\n<h2 class=\"p1\" style=\"text-align: center;\">No apps<\/h2>\n<p class=\"p1\" style=\"text-align: center;\">The recipient gets an email with a link to a website where they can log in and read your message. No apps required.<\/p>\n<p>[\/et_pb_text][et_pb_button button_url=&#8221;@ET-DC@eyJkeW5hbWljIjp0cnVlLCJjb250ZW50IjoicG9zdF9saW5rX3VybF9wYWdlIiwic2V0dGluZ3MiOnsicG9zdF9pZCI6IjQ5NjMifX0=@&#8221; button_text=&#8221;Contact us&#8221; button_alignment=&#8221;center&#8221; admin_label=&#8221;Knapp &#8211; Kontakta oss&#8221; _builder_version=&#8221;4.21.0&#8243; _dynamic_attributes=&#8221;button_url&#8221; _module_preset=&#8221;default&#8221; global_module=&#8221;343&#8243; saved_tabs=&#8221;all&#8221; global_colors_info=&#8221;{}&#8221;][\/et_pb_button][\/et_pb_column][\/et_pb_row][\/et_pb_section][et_pb_section fb_built=&#8221;1&#8243; _builder_version=&#8221;4.21.0&#8243; _module_preset=&#8221;default&#8221; background_enable_image=&#8221;off&#8221; global_colors_info=&#8221;{}&#8221;][et_pb_row _builder_version=&#8221;4.21.0&#8243; _module_preset=&#8221;default&#8221; use_background_color_gradient=&#8221;on&#8221; background_color_gradient_stops=&#8221;rgba(0,0,0,0.3) 0%|rgba(0,0,0,0.3) 100%&#8221; background_color_gradient_overlays_image=&#8221;on&#8221; background_image=&#8221;https:\/\/tellustalk.com\/wp-content\/uploads\/2023\/07\/tellustalk-sakra-meddelanden-foretag.jpg&#8221; custom_padding=&#8221;50px||100px||false|false&#8221; border_width_top=&#8221;30px&#8221; border_color_top=&#8221;gcid-78056410-02fe-4524-ba5e-945f4e88448e&#8221; global_colors_info=&#8221;{%22gcid-78056410-02fe-4524-ba5e-945f4e88448e%22:%91%22border_color_top%22%93}&#8221;][et_pb_column type=&#8221;4_4&#8243; _builder_version=&#8221;4.20.2&#8243; _module_preset=&#8221;default&#8221; global_colors_info=&#8221;{}&#8221;][et_pb_text admin_label=&#8221;Skicka s\u00e4kra sms r\u00e4tt&#8221; _builder_version=&#8221;4.21.0&#8243; _module_preset=&#8221;default&#8221; text_text_color=&#8221;#FFFFFF&#8221; header_text_color=&#8221;#FFFFFF&#8221; header_2_text_color=&#8221;#FFFFFF&#8221; header_3_text_color=&#8221;#FFFFFF&#8221; header_4_text_color=&#8221;#FFFFFF&#8221; header_5_text_color=&#8221;#FFFFFF&#8221; header_6_text_color=&#8221;#FFFFFF&#8221; background_layout=&#8221;dark&#8221; custom_margin=&#8221;||||false|false&#8221; custom_padding=&#8221;|50px||50px|false|false&#8221; global_colors_info=&#8221;{}&#8221;]<\/p>\n<h2>Send Secure Emails to the right person<\/h2>\n<p>Set what personal id:s are authorized to read your message, and your message cannot fall into the wrong hands!<\/p>\n<p>Smart and simple solution for secure digital communication.<\/p>\n<p>[\/et_pb_text][\/et_pb_column][\/et_pb_row][et_pb_row _builder_version=&#8221;4.21.0&#8243; _module_preset=&#8221;default&#8221; global_colors_info=&#8221;{}&#8221;][et_pb_column type=&#8221;4_4&#8243; _builder_version=&#8221;4.21.0&#8243; _module_preset=&#8221;default&#8221; global_colors_info=&#8221;{}&#8221;][et_pb_code admin_label=&#8221;Code &#8211; areas of usage secure&#8221; _builder_version=&#8221;4.21.0&#8243; _module_preset=&#8221;default&#8221; global_colors_info=&#8221;{}&#8221;][\/et_pb_code][\/et_pb_column][\/et_pb_row][et_pb_row _builder_version=&#8221;4.21.0&#8243; _module_preset=&#8221;default&#8221; background_color=&#8221;gcid-2bbfe04f-58ff-4a3b-9214-d304d46818fd&#8221; custom_margin=&#8221;51px|auto||auto|false|false&#8221; custom_padding=&#8221;55px||50px||false|false&#8221; global_colors_info=&#8221;{%22gcid-2bbfe04f-58ff-4a3b-9214-d304d46818fd%22:%91%22background_color%22%93}&#8221;][et_pb_column type=&#8221;4_4&#8243; _builder_version=&#8221;4.20.4&#8243; _module_preset=&#8221;default&#8221; global_colors_info=&#8221;{}&#8221;][et_pb_text disabled_on=&#8221;off|off|off&#8221; admin_label=&#8221;BankID-s\u00e4kra meddelanden \u00e4r toppen&#8221; _builder_version=&#8221;4.21.0&#8243; _module_preset=&#8221;default&#8221; custom_padding=&#8221;|50px||50px|false|false&#8221; global_colors_info=&#8221;{}&#8221;]<\/p>\n<h2>Reach out with Secure Emails<\/h2>\n<p>&nbsp;<\/p>\n<p>[\/et_pb_text][\/et_pb_column][\/et_pb_row][et_pb_row column_structure=&#8221;1_2,1_2&#8243; _builder_version=&#8221;4.21.0&#8243; _module_preset=&#8221;default&#8221; background_color=&#8221;#E2EDCF&#8221; custom_padding=&#8221;0px|50px|55px|50px|false|false&#8221; global_colors_info=&#8221;{}&#8221;][et_pb_column type=&#8221;1_2&#8243; _builder_version=&#8221;4.21.0&#8243; _module_preset=&#8221;default&#8221; global_colors_info=&#8221;{}&#8221;][et_pb_text admin_label=&#8221;Text-s\u00e4kra 1&#8243; _builder_version=&#8221;4.21.0&#8243; _module_preset=&#8221;default&#8221; global_colors_info=&#8221;{}&#8221;]<\/p>\n<h4 class=\"et_pb_module_header\">GDPR-compliant<\/h4>\n<p class=\"p1\">Your data never leaves the Sweden and is stored encrypted.<\/p>\n<h4 class=\"et_pb_module_header\">+ Lock to personal id<\/h4>\n<p class=\"p1\">Only the right person can read your message<\/p>\n<p>[\/et_pb_text][\/et_pb_column][et_pb_column type=&#8221;1_2&#8243; _builder_version=&#8221;4.21.0&#8243; _module_preset=&#8221;default&#8221; global_colors_info=&#8221;{}&#8221;][et_pb_text admin_label=&#8221;Text- s\u00e4kra2&#8243; _builder_version=&#8221;4.21.0&#8243; _module_preset=&#8221;default&#8221; global_colors_info=&#8221;{}&#8221;]<\/p>\n<h4 class=\"et_pb_module_header\">+ Signing<\/h4>\n<p>Can be combined with an electronic signature.<\/p>\n<h4 class=\"et_pb_module_header\">Integrate<\/h4>\n<p>Simple and safe with integration via our <a href=\"https:\/\/tellustalk.com\/en\/api\/\">API<\/a>.<\/p>\n<p>[\/et_pb_text][\/et_pb_column][\/et_pb_row][et_pb_row _builder_version=&#8221;4.21.0&#8243; _module_preset=&#8221;default&#8221; global_colors_info=&#8221;{}&#8221;][et_pb_column type=&#8221;4_4&#8243; _builder_version=&#8221;4.21.0&#8243; _module_preset=&#8221;default&#8221; global_colors_info=&#8221;{}&#8221;][et_pb_button button_url=&#8221;@ET-DC@eyJkeW5hbWljIjp0cnVlLCJjb250ZW50IjoicG9zdF9saW5rX3VybF9wYWdlIiwic2V0dGluZ3MiOnsicG9zdF9pZCI6IjQ5NjMifX0=@&#8221; button_text=&#8221;Need something else? Let us fulfill your wishes&#8221; button_alignment=&#8221;center&#8221; disabled_on=&#8221;off|off|off&#8221; admin_label=&#8221;Knapp-Andra behov?&#8221; _builder_version=&#8221;4.21.0&#8243; _dynamic_attributes=&#8221;button_url&#8221; _module_preset=&#8221;default&#8221; global_module=&#8221;9706&#8243; global_colors_info=&#8221;{}&#8221;][\/et_pb_button][\/et_pb_column][\/et_pb_row][et_pb_row _builder_version=&#8221;4.21.0&#8243; _module_preset=&#8221;default&#8221; custom_padding=&#8221;|50px||50px|false|false&#8221; global_colors_info=&#8221;{}&#8221;][et_pb_column type=&#8221;4_4&#8243; _builder_version=&#8221;4.21.0&#8243; _module_preset=&#8221;default&#8221; global_colors_info=&#8221;{}&#8221;][et_pb_text admin_label=&#8221;Skicka s\u00e4kert &#8221; _builder_version=&#8221;4.21.0&#8243; _module_preset=&#8221;default&#8221; global_colors_info=&#8221;{}&#8221;]<\/p>\n<h2>Safe sending <\/h2>\n<p>[\/et_pb_text][\/et_pb_column][\/et_pb_row][et_pb_row column_structure=&#8221;1_2,1_2&#8243; _builder_version=&#8221;4.21.0&#8243; _module_preset=&#8221;default&#8221; custom_padding=&#8221;|50px||50px|false|false&#8221; global_colors_info=&#8221;{}&#8221;][et_pb_column type=&#8221;1_2&#8243; _builder_version=&#8221;4.21.0&#8243; _module_preset=&#8221;default&#8221; global_colors_info=&#8221;{}&#8221;][et_pb_text admin_label=&#8221;Text-Support dygnet runt&#8221; _builder_version=&#8221;4.21.0&#8243; _module_preset=&#8221;default&#8221; global_module=&#8221;9664&#8243; global_colors_info=&#8221;{}&#8221;]<\/p>\n<h4 class=\"et_pb_module_header\">Support<\/h4>\n<p>Du f\u00e5r <a href=\"https:\/\/tellustalk.com\/en\/contact\/\">support<\/a> dygnet runt p\u00e5 b\u00e5de svenska och engelska.<\/p>\n<p>[\/et_pb_text][et_pb_text admin_label=&#8221;Text-Identifiering&#8221; _builder_version=&#8221;4.21.0&#8243; _module_preset=&#8221;default&#8221; global_module=&#8221;9739&#8243; saved_tabs=&#8221;all&#8221; global_colors_info=&#8221;{}&#8221;]<\/p>\n<h4>Identifiering<\/h4>\n<p>V\u00e4lj mellan BankID, eng\u00e5ngskod eller andra eID som inloggningsmetod.<\/p>\n<p>[\/et_pb_text][et_pb_text admin_label=&#8221;Text-skicka med Dokument&#8221; _builder_version=&#8221;4.21.0&#8243; _module_preset=&#8221;default&#8221; global_module=&#8221;9743&#8243; saved_tabs=&#8221;all&#8221; global_colors_info=&#8221;{}&#8221;]<\/p>\n<h4>+ Dokument<\/h4>\n<p>Skicka med dokument och filer.<\/p>\n<p>[\/et_pb_text][et_pb_text admin_label=&#8221;Text-svarsfunktion\/notis&#8221; _builder_version=&#8221;4.21.0&#8243; _module_preset=&#8221;default&#8221; global_module=&#8221;9734&#8243; saved_tabs=&#8221;all&#8221; global_colors_info=&#8221;{}&#8221;]<\/p>\n<h4 class=\"et_pb_module_header\">Svarsfunktion<\/h4>\n<p>Mottagaren kan svara p\u00e5 ett s\u00e4kert s\u00e4tt.<\/p>\n<p>[\/et_pb_text][et_pb_button button_url=&#8221;@ET-DC@eyJkeW5hbWljIjp0cnVlLCJjb250ZW50IjoicG9zdF9saW5rX3VybF9wYWdlIiwic2V0dGluZ3MiOnsicG9zdF9pZCI6IjQ5NjMifX0=@&#8221; button_text=&#8221;Contact us&#8221; button_alignment=&#8221;left&#8221; admin_label=&#8221;Knapp-kontakta oss(omv\u00e4nd)&#8221; module_class=&#8221;omvand-knapp&#8221; _builder_version=&#8221;4.21.0&#8243; _dynamic_attributes=&#8221;button_url&#8221; _module_preset=&#8221;default&#8221; custom_button=&#8221;on&#8221; global_module=&#8221;9712&#8243; saved_tabs=&#8221;all&#8221; global_colors_info=&#8221;{}&#8221;][\/et_pb_button][\/et_pb_column][et_pb_column type=&#8221;1_2&#8243; _builder_version=&#8221;4.21.0&#8243; _module_preset=&#8221;default&#8221; global_colors_info=&#8221;{}&#8221;][et_pb_text admin_label=&#8221;Text-Skicka fr\u00e5n webben&#8221; _builder_version=&#8221;4.21.0&#8243; _module_preset=&#8221;default&#8221; global_module=&#8221;9667&#8243; saved_tabs=&#8221;all&#8221; global_colors_info=&#8221;{}&#8221;]<\/p>\n<h4>Skicka fr\u00e5n webben<\/h4>\n<p><a href=\"https:\/\/tellustalk.com\/kundportalen\/verktygsladan\/\">Verktygsl\u00e5dan<\/a> fungerar lika bra p\u00e5 datorn som p\u00e5 mobilen.<\/p>\n<p>[\/et_pb_text][et_pb_text admin_label=&#8221;Text-S\u00e4ker inloggning&#8221; _builder_version=&#8221;4.21.0&#8243; _module_preset=&#8221;default&#8221; global_module=&#8221;9666&#8243; saved_tabs=&#8221;all&#8221; global_colors_info=&#8221;{}&#8221;]<\/p>\n<h4>S\u00e4ker inloggning<\/h4>\n<p>Logga in p\u00e5 <a href=\"https:\/\/tellustalk.com\/kundportalen\/verktygsladan\/\">verktygsl\u00e5dan<\/a> med s\u00e4kra l\u00f6sningar: 2FA, BankID eller SAML2.<\/p>\n<p>[\/et_pb_text][et_pb_text admin_label=&#8221;Text-schemal\u00e4gg&#8221; _builder_version=&#8221;4.21.0&#8243; _module_preset=&#8221;default&#8221; global_module=&#8221;9735&#8243; saved_tabs=&#8221;all&#8221; global_colors_info=&#8221;{}&#8221;]<\/p>\n<h4 class=\"et_pb_module_header\">Schemal\u00e4gg<\/h4>\n<p>F\u00f6rbered ditt utskick i f\u00f6rv\u00e4g.<\/p>\n<p>[\/et_pb_text][et_pb_text admin_label=&#8221;Text-Skicka till fler&#8221; _builder_version=&#8221;4.21.0&#8243; _module_preset=&#8221;default&#8221; global_module=&#8221;9736&#8243; saved_tabs=&#8221;all&#8221; global_colors_info=&#8221;{}&#8221;]<\/p>\n<h4 class=\"et_pb_module_header\">Skicka till fler<\/h4>\n<p>Skapa en grupp och skicka till alla tillsammans.<\/p>\n<p>[\/et_pb_text][et_pb_button button_url=&#8221;@ET-DC@eyJkeW5hbWljIjp0cnVlLCJjb250ZW50IjoicG9zdF9saW5rX3VybF9wYWdlIiwic2V0dGluZ3MiOnsicG9zdF9pZCI6IjQ3OTIifX0=@&#8221; button_text=&#8221;Free trial&#8221; button_alignment=&#8221;left&#8221; admin_label=&#8221;Knapp-Testa kostnadsfritt(omv\u00e4nd)&#8221; module_class=&#8221;omvand-knapp&#8221; _builder_version=&#8221;4.21.0&#8243; _dynamic_attributes=&#8221;button_url&#8221; _module_preset=&#8221;default&#8221; global_module=&#8221;9689&#8243; global_colors_info=&#8221;{}&#8221;][\/et_pb_button][\/et_pb_column][\/et_pb_row][\/et_pb_section]<\/p>\n","protected":false},"excerpt":{"rendered":"<p>Protect sensitive information with Secure Email &nbsp;Integrera med API, jobba fr\u00e5n din mail eller v\u00e5r verktygsl\u00e5da online Identification When you have sent a Secure Email, the recipient must first identify themselves with eID or OTP before they can read your message.No apps The recipient gets an email with a link to a website where they [&hellip;]<\/p>\n","protected":false},"author":3,"featured_media":43507,"parent":41423,"menu_order":0,"comment_status":"closed","ping_status":"closed","template":"","meta":{"_acf_changed":false,"_et_pb_use_builder":"on","_et_pb_old_content":"","_et_gb_content_width":"","footnotes":""},"class_list":["post-42050","page","type-page","status-publish","has-post-thumbnail","hentry"],"acf":[],"_links":{"self":[{"href":"https:\/\/tellustalk.com\/en\/wp-json\/wp\/v2\/pages\/42050","targetHints":{"allow":["GET"]}}],"collection":[{"href":"https:\/\/tellustalk.com\/en\/wp-json\/wp\/v2\/pages"}],"about":[{"href":"https:\/\/tellustalk.com\/en\/wp-json\/wp\/v2\/types\/page"}],"author":[{"embeddable":true,"href":"https:\/\/tellustalk.com\/en\/wp-json\/wp\/v2\/users\/3"}],"replies":[{"embeddable":true,"href":"https:\/\/tellustalk.com\/en\/wp-json\/wp\/v2\/comments?post=42050"}],"version-history":[{"count":7,"href":"https:\/\/tellustalk.com\/en\/wp-json\/wp\/v2\/pages\/42050\/revisions"}],"predecessor-version":[{"id":42152,"href":"https:\/\/tellustalk.com\/en\/wp-json\/wp\/v2\/pages\/42050\/revisions\/42152"}],"up":[{"embeddable":true,"href":"https:\/\/tellustalk.com\/en\/wp-json\/wp\/v2\/pages\/41423"}],"wp:featuredmedia":[{"embeddable":true,"href":"https:\/\/tellustalk.com\/en\/wp-json\/wp\/v2\/media\/43507"}],"wp:attachment":[{"href":"https:\/\/tellustalk.com\/en\/wp-json\/wp\/v2\/media?parent=42050"}],"curies":[{"name":"wp","href":"https:\/\/api.w.org\/{rel}","templated":true}]}}