{"id":44199,"date":"2023-10-19T19:51:31","date_gmt":"2023-10-19T17:51:31","guid":{"rendered":"https:\/\/tellustalk.com\/helpcenter\/access\/"},"modified":"2023-12-15T14:30:53","modified_gmt":"2023-12-15T13:30:53","slug":"access","status":"publish","type":"page","link":"https:\/\/tellustalk.com\/en\/help\/access\/","title":{"rendered":"Access"},"content":{"rendered":"<p>[et_pb_section fb_built=&#8221;1&#8243; _builder_version=&#8221;4.21.2&#8243; _module_preset=&#8221;default&#8221; global_colors_info=&#8221;{}&#8221;][et_pb_row _builder_version=&#8221;4.21.2&#8243; _module_preset=&#8221;default&#8221; global_colors_info=&#8221;{}&#8221;][et_pb_column type=&#8221;4_4&#8243; _builder_version=&#8221;4.21.2&#8243; _module_preset=&#8221;default&#8221; global_colors_info=&#8221;{}&#8221;][et_pb_text admin_label=&#8221;Inledning&#8221; _builder_version=&#8221;4.21.2&#8243; _module_preset=&#8221;default&#8221; global_colors_info=&#8221;{}&#8221;]<\/p>\n<h1>Access<\/h1>\n<p>The new platform is being launched in stages starting Q4 2023 and it has a completely new authorization system built with Privacy by Design in mind.<\/p>\n<p>You, as a user of these services, has full control over who can see your address book, your settings, what you have sent and to whom.<\/p>\n<p>This means that administrators on the account, and the TellusTalk Support, as a general rule does not have access to any of this. For us to be able to help you with some support questions, it can sometimes be necessary for you to share access to your user with us.<\/p>\n<p>You can share access both to your Toolbox and your address book. If you share access to your Toolbox, the other user will be able to see your entire Toolbox with settings, logs and so on. If you onlye share access to your address book, it will show up in their own Toolbox with out having to access your Toolbox.<\/p>\n<p>Administrators can have different levels of access depending on their assigned tasks and needs, they can sometimes share access both on account level and for signle users.<\/p>\n<p>[\/et_pb_text][\/et_pb_column][\/et_pb_row][\/et_pb_section][et_pb_section fb_built=&#8221;1&#8243; specialty=&#8221;on&#8221; module_class=&#8221;sektion-sidomeny-hoger&#8221; _builder_version=&#8221;4.20.4&#8243; _module_preset=&#8221;default&#8221; global_colors_info=&#8221;{}&#8221;][et_pb_column type=&#8221;1_4&#8243; _builder_version=&#8221;4.16&#8243; custom_padding=&#8221;|||&#8221; global_colors_info=&#8221;{}&#8221; custom_padding__hover=&#8221;|||&#8221;][et_pb_menu menu_id=&#8221;175&#8243; disabled_on=&#8221;on|on|off&#8221; admin_label=&#8221;Sidomeny&#8221; _builder_version=&#8221;4.21.2&#8243; _module_preset=&#8221;default&#8221; dropdown_menu_animation=&#8221;slide&#8221; sticky_position=&#8221;top&#8221; global_colors_info=&#8221;{}&#8221;][\/et_pb_menu][\/et_pb_column][et_pb_column type=&#8221;3_4&#8243; specialty_columns=&#8221;3&#8243; _builder_version=&#8221;4.16&#8243; custom_padding=&#8221;|||&#8221; global_colors_info=&#8221;{}&#8221; custom_padding__hover=&#8221;|||&#8221;][et_pb_row_inner _builder_version=&#8221;4.20.4&#8243; _module_preset=&#8221;default&#8221; global_colors_info=&#8221;{}&#8221;][et_pb_column_inner saved_specialty_column_type=&#8221;3_4&#8243; _builder_version=&#8221;4.20.4&#8243; _module_preset=&#8221;default&#8221; global_colors_info=&#8221;{}&#8221;][et_pb_text admin_label=&#8221;Dela din adressbok&#8221; module_id=&#8221;dela-adressbok&#8221; _builder_version=&#8221;4.21.2&#8243; background_size=&#8221;initial&#8221; background_position=&#8221;top_left&#8221; background_repeat=&#8221;repeat&#8221; use_border_color=&#8221;off&#8221; border_color=&#8221;#ffffff&#8221; border_style=&#8221;solid&#8221; global_colors_info=&#8221;{}&#8221;]<\/p>\n<h2 style=\"text-align: left;\">Share your address book<\/h2>\n<p>Under seetings <img decoding=\"async\" class=\"alignnone wp-image-43742 size-full\" src=\"https:\/\/tellustalk.com\/wp-content\/uploads\/2023\/10\/icon-kugghjul-grey.png\" alt=\"Icon grey cog\" width=\"20\" height=\"18\"> on your address book you can share your address book with other users, it will then appear among their own address books in their personal Toolbox and you can both edit them and send messages to the recipients in it.<\/p>\n<p>Click on <strong>Administer access,<\/strong>at the top your own rights are displayed. Om det \u00e4r din adressbok s\u00e5 har du fulla r\u00e4ttigheter.<\/p>\n<p>Click on <strong>Add access<\/strong> <img decoding=\"async\" class=\"wp-image-43744 alignnone size-full\" src=\"https:\/\/tellustalk.com\/wp-content\/uploads\/2023\/10\/icon-add-access-blue.png\" alt=\"Icon Add Access\" width=\"24\" height=\"21\">, type the user id of the person you want to give access to and choose what rights you want to share.<br \/>Usually it is enough to just choose <strong>Read<\/strong> and <strong>Edit<\/strong> at <strong>Action rights<\/strong>.<\/p>\n<p>If you also want them to be able to share the address book to others, you also need to choose <strong>Read<\/strong> and <strong>Edit<\/strong> at <strong>Authorization rights<\/strong>.<br \/>At this stage, if you also choose <strong>Authorize<\/strong>, they also will have the right to let other users share the address book to others. Do not share these rights lightly.<\/p>\n<p><img decoding=\"async\" class=\"alignnone wp-image-43746 size-full\" src=\"https:\/\/tellustalk.com\/wp-content\/uploads\/2023\/10\/TB-access-addressbook-sv.png\" alt=\"Access for address book in the Toolbox\" width=\"628\" height=\"310\" srcset=\"https:\/\/tellustalk.com\/wp-content\/uploads\/2023\/10\/TB-access-addressbook-sv.png 628w, https:\/\/tellustalk.com\/wp-content\/uploads\/2023\/10\/TB-access-addressbook-sv-480x237.png 480w\" sizes=\"(min-width: 0px) and (max-width: 480px) 480px, (min-width: 481px) 628px, 100vw\" \/><\/p>\n<div style=\"text-align: center;\"> <\/div>\n<div style=\"text-align: center;\"> <\/div>\n<p>[\/et_pb_text][et_pb_text admin_label=&#8221;Dela ut din Verktygsl\u00e5da&#8221; module_id=&#8221;dela-toolbox&#8221; _builder_version=&#8221;4.21.2&#8243; _module_preset=&#8221;default&#8221; global_colors_info=&#8221;{}&#8221;]<\/p>\n<h2>Share your Toolbox<\/h2>\n<p>If you share your entire toolbox to another user, they will be able to log in as themselves in their Toolbox and from there switch to your Toolbox without needing to have your password. It looks like this:<\/p>\n<p><img decoding=\"async\" class=\"wp-image-43757 alignnone size-full\" src=\"https:\/\/tellustalk.com\/wp-content\/uploads\/2023\/10\/TB-change-user-sv.png\" alt=\"Switch user in the Toolbox\" width=\"222\" height=\"105\"><\/p>\n<p>Go to <strong>Settings<\/strong> in the left menu and clock the button <strong>Access<\/strong> to open the settings.<\/p>\n<p>Click <strong>Add<\/strong> <img decoding=\"async\" class=\"wp-image-43744 alignnone size-full\" src=\"https:\/\/tellustalk.com\/wp-content\/uploads\/2023\/10\/icon-add-access-blue.png\" alt=\"Icon Add Access\" width=\"24\" height=\"21\"> and type the user id of the user you want to share your Toolbox with, choose if they only should be able to <strong>Read<\/strong> or if they also should be able to <strong>Edit<\/strong>.<\/p>\n<p><img decoding=\"async\" class=\"alignnone wp-image-43753 size-full\" src=\"https:\/\/tellustalk.com\/wp-content\/uploads\/2023\/10\/TB-access-user-toolbox-sv.png\" alt=\"Access to share your Toolbox\" width=\"400\" height=\"289\" srcset=\"https:\/\/tellustalk.com\/wp-content\/uploads\/2023\/10\/TB-access-user-toolbox-sv.png 400w, https:\/\/tellustalk.com\/wp-content\/uploads\/2023\/10\/TB-access-user-toolbox-sv-300x217.png 300w\" sizes=\"(max-width: 400px) 100vw, 400px\" \/><\/p>\n<p>Under <strong>Access to<\/strong> in this view, your own rights in your Toolbox is displayed. You can read and edit and also share the same rights with others.<br \/>This is also where it is displayed if others have access to your Toolbox, no matter if you shared the access or if an administrator did.<\/p>\n<p>In the bottom part, <strong>Access given to<\/strong>, displays what other users Toolboxes you have been given access to.<\/p>\n<p><img decoding=\"async\" class=\"alignnone wp-image-43826 size-full\" src=\"https:\/\/tellustalk.com\/wp-content\/uploads\/2023\/10\/TB-access-to-me-sv.png\" alt=\"Access in the Toolbox\" width=\"401\" height=\"264\" srcset=\"https:\/\/tellustalk.com\/wp-content\/uploads\/2023\/10\/TB-access-to-me-sv.png 401w, https:\/\/tellustalk.com\/wp-content\/uploads\/2023\/10\/TB-access-to-me-sv-300x198.png 300w\" sizes=\"(max-width: 401px) 100vw, 401px\" \/><\/p>\n<p>[\/et_pb_text][et_pb_text admin_label=&#8221;Administrat\u00f6rer&#8221; module_id=&#8221;admin&#8221; _builder_version=&#8221;4.21.2&#8243; _module_preset=&#8221;default&#8221; global_colors_info=&#8221;{}&#8221;]<\/p>\n<h2>Administrators<\/h2>\n<p>A user can have administrative access to the entire account or parts of the organizational tree. An administrator can either <a href=\"https:\/\/k8api.tellustalk.com\/customeradmin.htm\">log in directly to the Admin view<\/a> or click the <strong>Administrator<\/strong> link at the bottom left corner of the Toolbox menu.<\/p>\n<p>They will then at least have access to the following, within the part of the account they have access to:<\/p>\n<ul>\n<li>See anonymized logs (like message type, time and delivery status)<\/li>\n<li>See anonymized statistics<\/li>\n<li>See resources (like numbers and keywords on short codes)<\/li>\n<\/ul>\n<p>An administrator that have access to <strong>Edit<\/strong> will also be able to:<\/p>\n<ul>\n<li>Add and delete users<\/li>\n<li>Change user password<\/li>\n<li>Change user settings<\/li>\n<li>Give administrative rights to other users Toolbox<\/li>\n<\/ul>\n<h3>Give access on account level<\/h3>\n<p>Click <strong>Users<\/strong> in the left menu and click the menu icon <img decoding=\"async\" class=\"wp-image-43798 alignnone size-full\" src=\"https:\/\/tellustalk.com\/wp-content\/uploads\/2023\/10\/icon-hamburger-blue.png\" alt=\"Icon blue menu\" width=\"29\" height=\"31\"> at the part of the organizational tree you want to give access to. Choose <strong>Access\/Beh\u00f6righet<\/strong> to give access to this organizational level and its sub levels.<\/p>\n<p>At the top level there is also <strong>Access\/Customer Admin<\/strong>, this is where you can share access to the entire account (CA).<\/p>\n<h3>Give access on user level<\/h3>\n<p>Go to <strong>Users<\/strong> in the left menu, open the settings of the user you want to share access to and click <strong>Access<\/strong>.<\/p>\n<p>Administrators of level 1-2 can share access to a users Toolbox, just as the user himself can do as described above. Administrators can also give the right to share these rights to others as described below. This is a powerful right that should not be given lightly.<\/p>\n<p>You can never give yourself acces to a users Toolbox, you will need another administrator for that or you can give the rights to another user and they can then give the same access to you. Just like when you need two keys to open a safe deposit box.<\/p>\n<p>To share access to another users Toolbox is often smart if you create a separate user that will be used for API calls only, it might not have an email address of its own or if you for some reason do not want to risk that anyone performs a password reset if they forgot what it was.<br \/>By sharing the Toolbox with one or more &#8220;real&#8221; users they can easily check logs or change settings without ever having the password.<\/p>\n<p>Users that gets access to another users Toolbox does not need to be an administrator and it also does not get any other access besides the possibility to switch between their own and the shared Toolbox.<\/p>\n<h3>Administrative levels<\/h3>\n<p>Level 1, superadmin:<\/p>\n<ul>\n<li>Can edit users<\/li>\n<li>Can share admin rights on level 1 and below<\/li>\n<\/ul>\n<p>Level 2:<\/p>\n<ul>\n<li>Can edit users<\/li>\n<li>Can share admin rights on level 3 and below<\/li>\n<\/ul>\n<p>Level 3:<\/p>\n<ul>\n<li>Can edit users<\/li>\n<li>Can NOT share any administrative rights<\/li>\n<\/ul>\n<p>Level 4:<\/p>\n<ul>\n<li>Can only see users<\/li>\n<li>Can NOT share any administrative rights<\/li>\n<\/ul>\n<p>The above looks like this:<\/p>\n<p><img decoding=\"async\" class=\"alignnone wp-image-43777 size-full\" src=\"https:\/\/tellustalk.com\/wp-content\/uploads\/2023\/10\/TB-access-admin-sv.png\" alt=\"Access levels for administrators\" width=\"467\" height=\"466\" srcset=\"https:\/\/tellustalk.com\/wp-content\/uploads\/2023\/10\/TB-access-admin-sv.png 467w, https:\/\/tellustalk.com\/wp-content\/uploads\/2023\/10\/TB-access-admin-sv-300x300.png 300w, https:\/\/tellustalk.com\/wp-content\/uploads\/2023\/10\/TB-access-admin-sv-150x150.png 150w\" sizes=\"(max-width: 467px) 100vw, 467px\" \/><\/p>\n<p><strong>Action right<\/strong> are rights to se and make changes, <strong>Authorization rights<\/strong> is about what risht you are allowed to give to others.<\/p>\n<p>[\/et_pb_text][\/et_pb_column_inner][\/et_pb_row_inner][\/et_pb_column][\/et_pb_section]<\/p>\n","protected":false},"excerpt":{"rendered":"<p>Access The new platform is being launched in stages starting Q4 2023 and it has a completely new authorization system built with Privacy by Design in mind. You, as a user of these services, has full control over who can see your address book, your settings, what you have sent and to whom. This means [&hellip;]<\/p>\n","protected":false},"author":2,"featured_media":0,"parent":43182,"menu_order":0,"comment_status":"closed","ping_status":"closed","template":"","meta":{"_acf_changed":false,"_et_pb_use_builder":"on","_et_pb_old_content":"","_et_gb_content_width":"","footnotes":""},"class_list":["post-44199","page","type-page","status-publish","hentry"],"acf":[],"_links":{"self":[{"href":"https:\/\/tellustalk.com\/en\/wp-json\/wp\/v2\/pages\/44199","targetHints":{"allow":["GET"]}}],"collection":[{"href":"https:\/\/tellustalk.com\/en\/wp-json\/wp\/v2\/pages"}],"about":[{"href":"https:\/\/tellustalk.com\/en\/wp-json\/wp\/v2\/types\/page"}],"author":[{"embeddable":true,"href":"https:\/\/tellustalk.com\/en\/wp-json\/wp\/v2\/users\/2"}],"replies":[{"embeddable":true,"href":"https:\/\/tellustalk.com\/en\/wp-json\/wp\/v2\/comments?post=44199"}],"version-history":[{"count":13,"href":"https:\/\/tellustalk.com\/en\/wp-json\/wp\/v2\/pages\/44199\/revisions"}],"predecessor-version":[{"id":44481,"href":"https:\/\/tellustalk.com\/en\/wp-json\/wp\/v2\/pages\/44199\/revisions\/44481"}],"up":[{"embeddable":true,"href":"https:\/\/tellustalk.com\/en\/wp-json\/wp\/v2\/pages\/43182"}],"wp:attachment":[{"href":"https:\/\/tellustalk.com\/en\/wp-json\/wp\/v2\/media?parent=44199"}],"curies":[{"name":"wp","href":"https:\/\/api.w.org\/{rel}","templated":true}]}}