{"id":46222,"date":"2022-11-17T10:52:45","date_gmt":"2022-11-17T09:52:45","guid":{"rendered":"https:\/\/tellustalk.com\/help\/the-toolbox\/send-fax\/"},"modified":"2024-06-14T16:52:08","modified_gmt":"2024-06-14T14:52:08","slug":"send-fax","status":"publish","type":"page","link":"https:\/\/tellustalk.com\/en\/help\/toolbox\/send-fax\/","title":{"rendered":"Send faxes via the Toolbox"},"content":{"rendered":"<p>[et_pb_section fb_built=&#8221;1&#8243; _builder_version=&#8221;4.21.2&#8243; _module_preset=&#8221;default&#8221; collapsed=&#8221;off&#8221; global_colors_info=&#8221;{}&#8221;][et_pb_row _builder_version=&#8221;4.16&#8243; _module_preset=&#8221;default&#8221; global_colors_info=&#8221;{}&#8221;][et_pb_column type=&#8221;4_4&#8243; _builder_version=&#8221;4.16&#8243; _module_preset=&#8221;default&#8221; global_colors_info=&#8221;{}&#8221;][et_pb_text admin_label=&#8221;Inledning&#8221; _builder_version=&#8221;4.25.1&#8243; background_size=&#8221;initial&#8221; background_position=&#8221;top_left&#8221; background_repeat=&#8221;repeat&#8221; use_border_color=&#8221;off&#8221; border_color=&#8221;#ffffff&#8221; border_style=&#8221;solid&#8221; global_colors_info=&#8221;{}&#8221;]<\/p>\n<h1 style=\"text-align: left;\">Send Fax from the Toolbox<\/h1>\n<p class=\"p1\">You can send to any fax number worldwide. When you send a fax, a cover page is automatically created with your personal details, you can change the appearance of the cover page in <a href=\"https:\/\/tellustalk.com\/hjalp\/verktygsladan\/installningar\/\">settings<\/a>. Once you have sent your fax, you will receive an email receipt with the result of the fax transmission.<br \/>When you log in to the toolbox, you will be taken directly to the Send view and can start faxing.<\/p>\n<p>[\/et_pb_text][\/et_pb_column][\/et_pb_row][et_pb_row _builder_version=&#8221;4.16&#8243; _module_preset=&#8221;default&#8221; global_colors_info=&#8221;{}&#8221;][et_pb_column type=&#8221;4_4&#8243; _builder_version=&#8221;4.16&#8243; _module_preset=&#8221;default&#8221; global_colors_info=&#8221;{}&#8221;][et_pb_text admin_label=&#8221;Skicka enkelt&#8221; _builder_version=&#8221;4.25.1&#8243; _module_preset=&#8221;default&#8221; global_colors_info=&#8221;{}&#8221;]<\/p>\n<p><strong>Enter the recipient in the To field<\/strong>, type <strong>the fax:number <em>(fax:<b>+46856791100)<\/b><\/em><\/strong> and then Enter.<br \/>You can send to many fax recipients at the same time.  <br \/>As you type, you will receive suggestions for recipients that you have saved in your address book or sent to previously.<\/p>\n<p>Write your message as usual and attach optional documents if you wish.<\/p>\n<div>\n<div> <\/div>\n<div><img decoding=\"async\" class=\"wp-image-43426 alignnone size-large\" src=\"https:\/\/tellustalk.com\/wp-content\/uploads\/2023\/10\/TB-skicka-fax-1024x702.png\" alt=\"\" width=\"1024\" height=\"702\" srcset=\"https:\/\/tellustalk.com\/wp-content\/uploads\/2023\/10\/TB-skicka-fax-980x672.png 980w, https:\/\/tellustalk.com\/wp-content\/uploads\/2023\/10\/TB-skicka-fax-480x329.png 480w\" sizes=\"(min-width: 0px) and (max-width: 480px) 480px, (min-width: 481px) and (max-width: 980px) 980px, (min-width: 981px) 1024px, 100vw\" \/><\/div>\n<div>When you click Send, your fax is on its way to the recipient.<\/div>\n<\/div>\n<p>&nbsp;<\/p>\n<p>[\/et_pb_text][et_pb_text admin_label=&#8221;Bifoga dokument&#8221; _builder_version=&#8221;4.25.1&#8243; _module_preset=&#8221;default&#8221; global_colors_info=&#8221;{}&#8221;]<\/p>\n<div>\n<p class=\"p1\"><b>Format of attached documents<\/b><\/p>\n<div>Since faxes do not handle color, it works best to send PDFs in grayscale.<\/div>\n<div>Before sending xls files, you might want to think twice, functions and graphs can mess things up. It is better to convert to PDF before sending.<\/div>\n<div> <\/div>\n<\/div>\n<p>[\/et_pb_text][\/et_pb_column][\/et_pb_row][et_pb_row _builder_version=&#8221;4.25.1&#8243; _module_preset=&#8221;default&#8221; global_colors_info=&#8221;{}&#8221;][et_pb_column type=&#8221;4_4&#8243; _builder_version=&#8221;4.25.1&#8243; _module_preset=&#8221;default&#8221; global_colors_info=&#8221;{}&#8221;][et_pb_toggle title=&#8221;Add more recipients&#8221; icon_color=&#8221;#66a302&#8243; use_icon_font_size=&#8221;on&#8221; icon_font_size=&#8221;23px&#8221; open_icon_color=&#8221;#66a302&#8243; open_use_icon_font_size=&#8221;on&#8221; open_icon_font_size=&#8221;23px&#8221; admin_label=&#8221;V\u00e4xla &#8211; L\u00e4gg till fler mottagare&#8221; _builder_version=&#8221;4.25.1&#8243; _module_preset=&#8221;default&#8221; min_height=&#8221;80.6px&#8221; custom_padding=&#8221;||0px|||&#8221; box_shadow_style=&#8221;preset1&#8243; global_module=&#8221;46134&#8243; global_colors_info=&#8221;{}&#8221;]<\/p>\n<div>\n<p><strong>Copy-paste fr\u00e5n Excel<br \/><\/strong>Har du m\u00e5nga mottagare i en xls-fil kan du kopiera hela kolumnen med nummer\/ adresser och klistra in i Till-f\u00e4ltet.<br \/>Vill du ha med mottagarnas namn m\u00e5ste namnen st\u00e5 i den h\u00f6gra kolumnen i xls-filen, kopiera och klistra in b\u00e5da kolumnerna samtidigt.<\/p>\n<p><strong>L\u00e4gg till fr\u00e5n adressboken<\/strong><\/p>\n<\/div>\n<p>F\u00f6r att s\u00f6ka fram mottagare fr\u00e5n din adressbok, klicka p\u00e5 <img decoding=\"async\" class=\"wp-image-658 alignnone \" src=\"https:\/\/tellustalk.com\/wp-content\/uploads\/2022\/11\/Bild-ikon-adressbok.png\" alt=\"Ikon f\u00f6r adressboken\" width=\"31\" height=\"25\" \/> till h\u00f6ger i Till-f\u00e4ltet <span style=\"color: #666666;\">\u00a0\u00a0<\/span><\/p>\n<p><img decoding=\"async\" class=\"alignnone wp-image-942 \" src=\"https:\/\/tellustalk.com\/wp-content\/uploads\/2022\/11\/TB-valj-mottagare-test.png\" alt=\"V\u00e4lj mottagare med etikett test\" width=\"228\" height=\"155\" \/><\/p>\n<p><span style=\"color: #141414;\">Du f\u00e5r automatiskt upp inneh\u00e5llet i din adressbok och du kan se vilka etiketter du kan v\u00e4lja mellan, du kan ocks\u00e5 s\u00f6ka i v\u00e4rde-f\u00e4lten om du importerat s\u00e5dana.<\/span><span style=\"color: #666666;\"><br \/><\/span><span style=\"color: #141414;\">Modifiera din s\u00f6kning tills du \u00e4r n\u00f6jd, du ser hela tiden s\u00f6kresultatet nere till v\u00e4nster, klicka sedan p\u00e5 Spara urval.<\/span><span style=\"color: #666666;\"><br \/><\/span><span style=\"color: #141414;\">Vill du l\u00e4gga till fler mottagare med andra kriterier, klicka p\u00e5 Nytt urval och l\u00e4gg till dem.<\/span><span style=\"color: #666666;\"><br \/><\/span><span style=\"color: #141414;\">L\u00e4ngst till h\u00f6ger i Till-f\u00e4ltet ser du din tillagda s\u00f6kning, klicka p\u00e5 den om du vill granska eller \u00e4ndra den.<\/span><\/p>\n<p><span style=\"color: #666666; font-size: 14px;\"><br \/><img decoding=\"async\" class=\"alignnone wp-image-945 \" src=\"https:\/\/tellustalk.com\/wp-content\/uploads\/2022\/11\/TB-urval-i-tillfaltet.png\" alt=\"Urval i tillf\u00e4ltet\" width=\"215\" height=\"24\" srcset=\"https:\/\/tellustalk.com\/wp-content\/uploads\/2022\/11\/TB-urval-i-tillfaltet.png 403w, https:\/\/tellustalk.com\/wp-content\/uploads\/2022\/11\/TB-urval-i-tillfaltet-300x33.png 300w, https:\/\/tellustalk.com\/wp-content\/uploads\/2022\/11\/TB-urval-i-tillfaltet-400x45.png 400w\" sizes=\"(max-width: 215px) 100vw, 215px\" \/><\/span><\/p>\n<p>[\/et_pb_toggle][et_pb_toggle title=&#8221;Send now or save&#8221; icon_color=&#8221;#66A302&#8243; use_icon_font_size=&#8221;on&#8221; icon_font_size=&#8221;23px&#8221; open_icon_color=&#8221;#66A302&#8243; open_use_icon_font_size=&#8221;on&#8221; open_icon_font_size=&#8221;23px&#8221; admin_label=&#8221;V\u00e4xla &#8211; Skicka direkt eller spara&#8221; _builder_version=&#8221;4.25.1&#8243; _module_preset=&#8221;default&#8221; border_radii=&#8221;on|5px|5px|5px|5px&#8221; box_shadow_style=&#8221;preset1&#8243; global_module=&#8221;915&#8243; saved_tabs=&#8221;all&#8221; global_colors_info=&#8221;{}&#8221;]<\/p>\n<p>N\u00e4r du \u00e4r n\u00f6jd med ditt meddelande kan du v\u00e4lja att antingen skicka direkt, schemal\u00e4gga, spara som utkast eller som mall.<br \/>Om du vill skicka direkt, klicka p\u00e5 Skicka och ditt fax \u00e4r p\u00e5 v\u00e4g.<\/p>\n<p><img decoding=\"async\" class=\"alignnone wp-image-656 \" src=\"https:\/\/tellustalk.com\/wp-content\/uploads\/2022\/11\/Skicka-nu.png\" alt=\"V\u00e4lj Skicka nu\" width=\"272\" height=\"133\" srcset=\"https:\/\/tellustalk.com\/wp-content\/uploads\/2022\/11\/Skicka-nu.png 364w, https:\/\/tellustalk.com\/wp-content\/uploads\/2022\/11\/Skicka-nu-300x147.png 300w\" sizes=\"(max-width: 272px) 100vw, 272px\" \/><\/p>\n<p><strong>Schemal\u00e4gg<\/strong> &#8211; Om du inte vill skicka ditt meddelande direkt kan du schemal\u00e4gga det. Du kan l\u00e4sa mer om schemal\u00e4ggning l\u00e4ngre ner p\u00e5 denna sida.<\/p>\n<p><strong>Utkast<\/strong> &#8211; Om du inte \u00e4r klar med ditt meddelande kan du spara det som ett utkast och g\u00f6ra klart det senare. L\u00e4s\u00a0 mer om utkast l\u00e4ngre ner.<\/p>\n<p><strong>Mall &#8211; <\/strong>Om du skickar samma typ av meddelande ofta kan du spara det som en mall som du enkelt kan \u00e5teranv\u00e4nda. L\u00e4s mer om mallar l\u00e4ngre ner p\u00e5 den h\u00e4r sidan.<\/p>\n<p>[\/et_pb_toggle][\/et_pb_column][\/et_pb_row][\/et_pb_section][et_pb_section fb_built=&#8221;1&#8243; _builder_version=&#8221;4.21.2&#8243; _module_preset=&#8221;default&#8221; collapsed=&#8221;off&#8221; global_colors_info=&#8221;{}&#8221;][et_pb_row _builder_version=&#8221;4.25.1&#8243; _module_preset=&#8221;default&#8221; global_colors_info=&#8221;{}&#8221;][et_pb_column type=&#8221;4_4&#8243; _builder_version=&#8221;4.25.1&#8243; _module_preset=&#8221;default&#8221; global_colors_info=&#8221;{}&#8221;][et_pb_text _builder_version=&#8221;4.25.1&#8243; _module_preset=&#8221;default&#8221; global_colors_info=&#8221;{}&#8221;]<\/p>\n<h2>Receive fax to email<\/h2>\n<p>To receive faxes to your email, you can rent a virtual fax number from us. We provide local numbers in most countries which then deliver received faxes to an email address of your choice.<\/p>\n<p class=\"p1\">Incoming faxes arrive as an email with the fax as an attached PDF.<\/p>\n<p class=\"p1\"><strong>Forward your fax number to the email.  <\/strong>If you already have a fax number, you can choose to keep it and forward it to the number you rent from us to receive your incoming faxes to the mail.<\/p>\n<p><a href=\"https:\/\/tellustalk.com\/en\/contact\/\"><span class=\"s1\">Contact us to rent a number.<\/span><\/a><\/p>\n<p>[\/et_pb_text][\/et_pb_column][\/et_pb_row][\/et_pb_section][et_pb_section fb_built=&#8221;1&#8243; _builder_version=&#8221;4.21.2&#8243; _module_preset=&#8221;default&#8221; custom_margin=&#8221;-30px||||false|false&#8221; custom_padding=&#8221;0px||||false|false&#8221; collapsed=&#8221;off&#8221; global_colors_info=&#8221;{}&#8221;][et_pb_row _builder_version=&#8221;4.16&#8243; _module_preset=&#8221;default&#8221; custom_margin=&#8221;-10px||||false|false&#8221; global_module=&#8221;689&#8243; saved_tabs=&#8221;all&#8221; global_colors_info=&#8221;{}&#8221;][et_pb_column type=&#8221;4_4&#8243; _builder_version=&#8221;4.16&#8243; _module_preset=&#8221;default&#8221; global_colors_info=&#8221;{}&#8221;][et_pb_text admin_label=&#8221;Inst\u00e4llningar  p\u00e5 flikarna l\u00e4ngst upp i skicka-vyn&#8221; _builder_version=&#8221;4.25.1&#8243; _module_preset=&#8221;default&#8221; global_colors_info=&#8221;{}&#8221;]<\/p>\n<h3 style=\"text-align: left;\">What is behind the tabs in the Send view?<\/h3>\n<p><img decoding=\"async\" class=\"wp-image-705 alignleft\" src=\"https:\/\/tellustalk.com\/wp-content\/uploads\/2022\/11\/TB-flikar-i-skicka-vyn-1024x95.png\" alt=\"The tabs in the Send view of the Toolbox\" width=\"600\" height=\"56\"><\/p>\n<p>[\/et_pb_text][\/et_pb_column][\/et_pb_row][et_pb_row _builder_version=&#8221;4.16&#8243; _module_preset=&#8221;default&#8221; global_module=&#8221;690&#8243; saved_tabs=&#8221;all&#8221; global_colors_info=&#8221;{}&#8221;][et_pb_column type=&#8221;4_4&#8243; _builder_version=&#8221;4.16&#8243; _module_preset=&#8221;default&#8221; global_colors_info=&#8221;{}&#8221;][et_pb_toggle title=&#8221;Save as draft&#8221; icon_color=&#8221;#66A302&#8243; use_icon_font_size=&#8221;on&#8221; icon_font_size=&#8221;23px&#8221; open_icon_color=&#8221;#66A302&#8243; open_use_icon_font_size=&#8221;on&#8221; open_icon_font_size=&#8221;23px&#8221; admin_label=&#8221;v\u00e4xla Spara som utkast&#8221; _builder_version=&#8221;4.25.1&#8243; _module_preset=&#8221;default&#8221; hover_enabled=&#8221;0&#8243; border_radii=&#8221;on|5px|5px|5px|5px&#8221; border_color_all=&#8221;rgba(0,0,0,0)&#8221; box_shadow_style=&#8221;preset1&#8243; global_colors_info=&#8221;{}&#8221; sticky_enabled=&#8221;0&#8243;]<\/p>\n<div> <\/div>\n<div>If you don&#8217;t want to send your message at once or if you want to edit it later, you can save it as a draft.<\/div>\n<div>Select Draft at the bottom right and click &#8220;Save&#8221;.<\/div>\n<div> <\/div>\n<div> <\/div>\n<div>You will find your saved messages under the Drafts tab<\/div>\n<div> <\/div>\n<div> <\/div>\n<div>Click on the <img decoding=\"async\" class=\"alignnone wp-image-723\" src=\"https:\/\/tellustalk.com\/wp-content\/uploads\/2022\/11\/Icon-V-pil_blue.png\" alt=\"Icon V-shaped arrow down\" width=\"30\" height=\"31\">to open the draft and edit further or send it directly.<\/div>\n<p>[\/et_pb_toggle][et_pb_toggle title=&#8221;Schedule your messages&#8221; icon_color=&#8221;#66A302&#8243; use_icon_font_size=&#8221;on&#8221; icon_font_size=&#8221;23px&#8221; open_icon_color=&#8221;#66A302&#8243; open_use_icon_font_size=&#8221;on&#8221; open_icon_font_size=&#8221;23px&#8221; admin_label=&#8221;V\u00e4xla &#8211; Schemal\u00e4gg&#8221; _builder_version=&#8221;4.25.1&#8243; _module_preset=&#8221;default&#8221; hover_enabled=&#8221;0&#8243; border_radii=&#8221;on|5px|5px|5px|5px&#8221; box_shadow_style=&#8221;preset1&#8243; global_colors_info=&#8221;{}&#8221; sticky_enabled=&#8221;0&#8243;]<\/p>\n<p>If you don&#8217;t want to send your message right away, you can choose to schedule it.<img decoding=\"async\" class=\"alignnone wp-image-737 \" src=\"https:\/\/tellustalk.com\/wp-content\/uploads\/2022\/11\/TB-valj-schemalagg-e1675262827398-300x157.png\" alt=\"Select schedule in the Toolbox\" width=\"235\" height=\"123\" srcset=\"https:\/\/tellustalk.com\/wp-content\/uploads\/2022\/11\/TB-valj-schemalagg-e1675262827398-300x157.png 300w, https:\/\/tellustalk.com\/wp-content\/uploads\/2022\/11\/TB-valj-schemalagg-e1675262827398.png 429w\" sizes=\"(max-width: 235px) 100vw, 235px\" \/><\/p>\n<p>Enter the date and time you want to send your message and click Save.<\/p>\n<p>By default, <strong>repetition<\/strong> is not turned on when you choose to schedule. Click to activate repetition of your message.<\/p>\n<p class=\"p1\">You can now choose how often (every, every second&#8230;) and interval (week\/month) your message should be repeated. . As well as which days of the week the message should be sent. And enter an end date, close the window when done.<\/p>\n<p class=\"p1\"><em>If you for example wish to repeat a message on the 1st of every month, select the start date in the field before repeat and then select every month under repeat. Note that this will be accurate on the date regardless of the day of the week.<\/em><\/p>\n<p class=\"p1\">You will find all your scheduled messages under the Scheduled tab.<\/p>\n<div> <\/div>\n<p>[\/et_pb_toggle][et_pb_toggle title=&#8221;Save as Template&#8221; icon_color=&#8221;#66A302&#8243; use_icon_font_size=&#8221;on&#8221; icon_font_size=&#8221;23px&#8221; open_icon_color=&#8221;#66A302&#8243; open_use_icon_font_size=&#8221;on&#8221; open_icon_font_size=&#8221;23px&#8221; admin_label=&#8221;v\u00e4xla Spara som mall&#8221; _builder_version=&#8221;4.25.1&#8243; _module_preset=&#8221;default&#8221; hover_enabled=&#8221;0&#8243; border_radii=&#8221;on|5px|5px|5px|5px&#8221; border_color_all=&#8221;rgba(0,0,0,0)&#8221; box_shadow_style=&#8221;preset1&#8243; global_colors_info=&#8221;{}&#8221; sticky_enabled=&#8221;0&#8243;]<\/p>\n<div>A message that you use often can be saved as a template, you can then reuse it for future mailings.<\/div>\n<div>Select template at the bottom right and pick and enter a name and click save. In the Templates tab you will find all your templates.<\/div>\n<div> <\/div>\n<div><img decoding=\"async\" class=\"alignnone wp-image-759 \" src=\"https:\/\/tellustalk.com\/wp-content\/uploads\/2022\/11\/TB-valj-spara-som-mall-e1675262917826-300x154.png\" alt=\"Select save as template in the Toolbox\" width=\"237\" height=\"122\" srcset=\"https:\/\/tellustalk.com\/wp-content\/uploads\/2022\/11\/TB-valj-spara-som-mall-e1675262917826-300x154.png 300w, https:\/\/tellustalk.com\/wp-content\/uploads\/2022\/11\/TB-valj-spara-som-mall-e1675262917826.png 396w\" sizes=\"(max-width: 237px) 100vw, 237px\" \/><\/div>\n<div><a href=\"https:\/\/tellustalk.com\/hjalp\/verktygsladan\/mallar\/\">Read more here about all the functions you can get with Templates.<\/a><\/div>\n<p>[\/et_pb_toggle][et_pb_toggle title=&#8221;Sent messages.&#8221; icon_color=&#8221;#66A302&#8243; use_icon_font_size=&#8221;on&#8221; icon_font_size=&#8221;23px&#8221; open_icon_color=&#8221;#66A302&#8243; open_use_icon_font_size=&#8221;on&#8221; open_icon_font_size=&#8221;23px&#8221; admin_label=&#8221;v\u00e4xla skickade&#8221; _builder_version=&#8221;4.25.1&#8243; _module_preset=&#8221;default&#8221; hover_enabled=&#8221;0&#8243; border_radii=&#8221;on|5px|5px|5px|5px&#8221; border_color_all=&#8221;rgba(0,0,0,0)&#8221; box_shadow_style=&#8221;preset1&#8243; global_colors_info=&#8221;{}&#8221; sticky_enabled=&#8221;0&#8243;]<\/p>\n<div> <\/div>\n<div>\n<div>Here you will find the messages sent from the Toolbox.<\/div>\n<div>Click on the <img decoding=\"async\" class=\"alignnone wp-image-723\" src=\"https:\/\/tellustalk.com\/wp-content\/uploads\/2022\/11\/Icon-V-pil_blue.png\" alt=\"Icon V-shaped arrow down\" width=\"35\" height=\"36\"> to see more details and to access the following options:<\/div>\n<div> <\/div>\n<div> <\/div>\n<\/div>\n<div><img decoding=\"async\" class=\"alignnone wp-image-766\" src=\"https:\/\/tellustalk.com\/wp-content\/uploads\/2022\/11\/Icon-kopiera-meddelande-blue.png\" alt=\"Icon copy\" width=\"30\" height=\"34\"> Create a new message using this message as a template<\/div>\n<div> <\/div>\n<div> <\/div>\n<div><img decoding=\"async\" class=\"alignnone wp-image-769\" src=\"https:\/\/tellustalk.com\/wp-content\/uploads\/2022\/11\/Icon-signera_blue.png\" alt=\"Icon signature\" width=\"30\" height=\"25\"> Manage signatures. Here you can see who has signed, add additional recipients and download signed files.<\/div>\n<div> <\/div>\n<div> <\/div>\n<div><img decoding=\"async\" class=\"alignnone wp-image-772\" src=\"https:\/\/tellustalk.com\/wp-content\/uploads\/2022\/11\/Icon-logs_blue.png\" alt=\"Icon for the logs\" width=\"30\" height=\"29\"> Check the logs for just this dispatch.<\/div>\n<div> <\/div>\n<div> <\/div>\n<div><img decoding=\"async\" class=\"alignnone wp-image-775\" src=\"https:\/\/tellustalk.com\/wp-content\/uploads\/2022\/11\/Icon-radera-blue.png\" alt=\"Delete icon\" width=\"60\" height=\"29\"> Delete the mailing from the Sent tab. All the details remain in the logs in case you need them later.<\/div>\n<p>[\/et_pb_toggle][\/et_pb_column][\/et_pb_row][\/et_pb_section]<\/p>\n","protected":false},"excerpt":{"rendered":"<p>Send Fax from the Toolbox You can send to any fax number worldwide. When you send a fax, a cover page is automatically created with your personal details, you can change the appearance of the cover page in settings. Once you have sent your fax, you will receive an email receipt with the result of [&hellip;]<\/p>\n","protected":false},"author":3,"featured_media":0,"parent":43169,"menu_order":0,"comment_status":"closed","ping_status":"closed","template":"","meta":{"_acf_changed":false,"_et_pb_use_builder":"on","_et_pb_old_content":"","_et_gb_content_width":"","footnotes":""},"class_list":["post-46222","page","type-page","status-publish","hentry"],"acf":[],"_links":{"self":[{"href":"https:\/\/tellustalk.com\/en\/wp-json\/wp\/v2\/pages\/46222","targetHints":{"allow":["GET"]}}],"collection":[{"href":"https:\/\/tellustalk.com\/en\/wp-json\/wp\/v2\/pages"}],"about":[{"href":"https:\/\/tellustalk.com\/en\/wp-json\/wp\/v2\/types\/page"}],"author":[{"embeddable":true,"href":"https:\/\/tellustalk.com\/en\/wp-json\/wp\/v2\/users\/3"}],"replies":[{"embeddable":true,"href":"https:\/\/tellustalk.com\/en\/wp-json\/wp\/v2\/comments?post=46222"}],"version-history":[{"count":5,"href":"https:\/\/tellustalk.com\/en\/wp-json\/wp\/v2\/pages\/46222\/revisions"}],"predecessor-version":[{"id":46227,"href":"https:\/\/tellustalk.com\/en\/wp-json\/wp\/v2\/pages\/46222\/revisions\/46227"}],"up":[{"embeddable":true,"href":"https:\/\/tellustalk.com\/en\/wp-json\/wp\/v2\/pages\/43169"}],"wp:attachment":[{"href":"https:\/\/tellustalk.com\/en\/wp-json\/wp\/v2\/media?parent=46222"}],"curies":[{"name":"wp","href":"https:\/\/api.w.org\/{rel}","templated":true}]}}