{"id":48133,"date":"2024-12-18T16:15:30","date_gmt":"2024-12-18T15:15:30","guid":{"rendered":"https:\/\/tellustalk.com\/services\/"},"modified":"2024-12-27T10:51:17","modified_gmt":"2024-12-27T09:51:17","slug":"services","status":"publish","type":"page","link":"https:\/\/tellustalk.com\/en\/services\/","title":{"rendered":"Services"},"content":{"rendered":"<p>[et_pb_section fb_built=&#8221;1&#8243; _builder_version=&#8221;4.27.4&#8243; _module_preset=&#8221;default&#8221; global_colors_info=&#8221;{}&#8221;][et_pb_row _builder_version=&#8221;4.27.4&#8243; _module_preset=&#8221;default&#8221; background_color=&#8221;#E2EDCF&#8221; global_colors_info=&#8221;{}&#8221;][et_pb_column type=&#8221;4_4&#8243; _builder_version=&#8221;4.27.4&#8243; _module_preset=&#8221;default&#8221; global_colors_info=&#8221;{}&#8221;][et_pb_text _builder_version=&#8221;4.27.4&#8243; _module_preset=&#8221;default&#8221; global_colors_info=&#8221;{}&#8221;]<\/p>\n<h1>Business services for all, where more services are included<\/h1>\n<p>With TellusTalk as your provider, you get many services for sending SMS, invitations to electronic and digital signing, MMS, secure messaging, email and digital fax. Why have multiple providers when you can have one provider for everything? Get everything you need to easily and securely digitize your internal and external communications, with just a few additional services to maximize our service offering.  <\/p>\n<p>[\/et_pb_text][et_pb_video src=&#8221;https:\/\/tellustalk.com\/wp-content\/uploads\/2024\/12\/Valkommen-till-TellusTalk-Reklam-video.mp4&#8243; _builder_version=&#8221;4.27.4&#8243; _module_preset=&#8221;default&#8221; global_colors_info=&#8221;{}&#8221;][\/et_pb_video][\/et_pb_column][\/et_pb_row][et_pb_row column_structure=&#8221;1_2,1_2&#8243; _builder_version=&#8221;4.27.4&#8243; _module_preset=&#8221;default&#8221; global_colors_info=&#8221;{}&#8221;][et_pb_column type=&#8221;1_2&#8243; _builder_version=&#8221;4.27.4&#8243; _module_preset=&#8221;default&#8221; global_colors_info=&#8221;{}&#8221;][et_pb_blurb title=&#8221;SMS GATEWAY&#8221; url=&#8221;https:\/\/tellustalk.com\/en\/sms-gateway\/&#8221; image=&#8221;https:\/\/tellustalk.com\/wp-content\/uploads\/2023\/08\/icon-sms-gateway-bg-grangran.png&#8221; alt=&#8221;Icon-green-green-sms 110&#215;110&#8243; admin_label=&#8221;SMS GATEWAY&#8221; _builder_version=&#8221;4.27.4&#8243; _module_preset=&#8221;default&#8221; global_colors_info=&#8221;{}&#8221;]<\/p>\n<p>With our range of SMS services, you can immediately start sending and receiving SMS via our <a href=\"https:\/\/tellustalk.com\/en\/sms-gateway\/\">SMS Gateway<\/a>. It also includes more services such as <a href=\"https:\/\/tellustalk.com\/en\/voice-sms\/\">Voice SMS<\/a> or <a href=\"https:\/\/tellustalk.com\/en\/link-sms\/\">Link SMS.<\/a> You can rent a number to always have the same number for SMS conversations, a great additional service if you want your recipients to be able to save your number as a contact. <\/p>\n<p>[\/et_pb_blurb][\/et_pb_column][et_pb_column type=&#8221;1_2&#8243; _builder_version=&#8221;4.27.4&#8243; _module_preset=&#8221;default&#8221; global_colors_info=&#8221;{}&#8221;][et_pb_blurb title=&#8221;Digital signing&#8221; url=&#8221;https:\/\/tellustalk.com\/en\/digital-signing\/&#8221; image=&#8221;https:\/\/tellustalk.com\/wp-content\/uploads\/2023\/08\/icon-elektronisk-signering-bg-grasvart.png&#8221; alt=&#8221;Icon-grey-black-sign 110&#215;110&#8243; admin_label=&#8221;Digital signering&#8221; _builder_version=&#8221;4.27.4&#8243; _module_preset=&#8221;default&#8221; global_colors_info=&#8221;{}&#8221;]<\/p>\n<p>With our signing service, you can immediately start sending contracts, documents or text to be <a href=\"https:\/\/tellustalk.com\/en\/digital-signing\/\">signed with BankID <\/a>without having to pay extra. Send <a href=\"https:\/\/tellustalk.com\/en\/digital-signing\/\">digital signatures<\/a> by SMS or email, which the recipient can easily sign and you can then each download a copy. We also offer a <a href=\"http:\/\/www.digitalsignering.com\" target=\"_blank\" rel=\"noopener\">free service for digital signatures for both companies and individuals.<\/a>  <\/p>\n<p>[\/et_pb_blurb][\/et_pb_column][\/et_pb_row][et_pb_row column_structure=&#8221;1_2,1_2&#8243; _builder_version=&#8221;4.27.4&#8243; _module_preset=&#8221;default&#8221; global_colors_info=&#8221;{}&#8221;][et_pb_column type=&#8221;1_2&#8243; _builder_version=&#8221;4.27.4&#8243; _module_preset=&#8221;default&#8221; global_colors_info=&#8221;{}&#8221;][et_pb_blurb title=&#8221;Electronic signing&#8221; url=&#8221;https:\/\/tellustalk.com\/en\/electronic-signing\/&#8221; image=&#8221;https:\/\/tellustalk.com\/wp-content\/uploads\/2023\/08\/icon-elektronisk-signering-bg-grangran.png&#8221; alt=&#8221;Icon-green-green-sign 110&#215;110&#8243; admin_label=&#8221;Elektronisk signering&#8221; _builder_version=&#8221;4.27.4&#8243; _module_preset=&#8221;default&#8221; global_colors_info=&#8221;{}&#8221;]<\/p>\n<p>With our service subscription, you can immediately start sending contracts, documents or text where you choose the signing method yourself and best of all, it is also included. Send <a href=\"https:\/\/tellustalk.com\/en\/electronic-signing\/\">signing invitation<\/a> with One-time password, Draw signature on screen, Google or Microsoft. <\/p>\n<p>[\/et_pb_blurb][\/et_pb_column][et_pb_column type=&#8221;1_2&#8243; _builder_version=&#8221;4.27.4&#8243; _module_preset=&#8221;default&#8221; global_colors_info=&#8221;{}&#8221;][et_pb_blurb title=&#8221;Secure messages&#8221; url=&#8221;https:\/\/tellustalk.com\/en\/secure-messages\/&#8221; image=&#8221;https:\/\/tellustalk.com\/wp-content\/uploads\/2023\/04\/secure-messages-icon.png&#8221; alt=&#8221;Icon-grey-black-secure 107&#215;107&#8243; admin_label=&#8221;Skyddade meddelanden&#8221; _builder_version=&#8221;4.27.4&#8243; _module_preset=&#8221;default&#8221; global_colors_info=&#8221;{}&#8221;]<\/p>\n<p>Our services allow you to <a href=\"https:\/\/tellustalk.com\/en\/secure-messages\/\">lock messages<\/a> sent as SMS or emails to secure their content. The recipient must identify with<a href=\"https:\/\/tellustalk.com\/anvandningsomraden\/signeringsmetoder\/\"> BankID login or one-time code<\/a> to read, it&#8217;s all included and is a secure way to send messages online. You can combine your secure message with an <a href=\"https:\/\/tellustalk.com\/en\/electronic-signing\/\">optional e-signature,<\/a>   <\/p>\n<p>[\/et_pb_blurb][\/et_pb_column][\/et_pb_row][et_pb_row column_structure=&#8221;1_2,1_2&#8243; _builder_version=&#8221;4.27.4&#8243; _module_preset=&#8221;default&#8221; global_colors_info=&#8221;{}&#8221;][et_pb_column type=&#8221;1_2&#8243; _builder_version=&#8221;4.27.4&#8243; _module_preset=&#8221;default&#8221; global_colors_info=&#8221;{}&#8221;][et_pb_blurb title=&#8221;Mailings&#8221; url=&#8221;https:\/\/tellustalk.com\/en\/email\/&#8221; image=&#8221;https:\/\/tellustalk.com\/wp-content\/uploads\/2023\/08\/icon-email-bg-grangran.png&#8221; alt=&#8221;Icon-green-green-email 110&#215;110&#8243; admin_label=&#8221;Mejlutskick&#8221; _builder_version=&#8221;4.27.4&#8243; _module_preset=&#8221;default&#8221; global_colors_info=&#8221;{}&#8221;]<\/p>\n<p>With our help, you get instant access to sending mass emails. Create an address book, cut and paste or upload a file with your mailing list and <a href=\"https:\/\/tellustalk.com\/en\/email\/\">send mass mailings.<\/a> Our email server on the <a href=\"https:\/\/tellustalk.com\/en\/faq\/why-a-new-platform\/\">Swedish platform<\/a> has a large capacity so you can send large emails to many recipients easily and quickly. <\/p>\n<p>&nbsp;<\/p>\n<p>[\/et_pb_blurb][\/et_pb_column][et_pb_column type=&#8221;1_2&#8243; _builder_version=&#8221;4.27.4&#8243; _module_preset=&#8221;default&#8221; global_colors_info=&#8221;{}&#8221;][et_pb_blurb title=&#8221;MMS Gateway&#8221; url=&#8221;https:\/\/tellustalk.com\/en\/mms\/&#8221; image=&#8221;https:\/\/tellustalk.com\/wp-content\/uploads\/2023\/08\/icon-mms-bg-grasvart.png&#8221; alt=&#8221;Icon-grey-black-mms 110&#215;110&#8243; admin_label=&#8221;MMS Gateway&#8221; _builder_version=&#8221;4.27.4&#8243; _module_preset=&#8221;default&#8221; global_colors_info=&#8221;{}&#8221;]<\/p>\n<p>Our subscriptions include sending <a href=\"https:\/\/tellustalk.com\/en\/mms\/\">MMS online<\/a>, to which your recipients can reply with text or their own image. We will automatically adapt your attachments if they exceed the maximum limit of 300 kb. If you only want to receive images, you can rent a number that your customers can directly send to, which will be forwarded to your email address.  <\/p>\n<p>[\/et_pb_blurb][\/et_pb_column][\/et_pb_row][et_pb_row column_structure=&#8221;1_2,1_2&#8243; _builder_version=&#8221;4.27.4&#8243; _module_preset=&#8221;default&#8221; global_colors_info=&#8221;{}&#8221;][et_pb_column type=&#8221;1_2&#8243; _builder_version=&#8221;4.27.4&#8243; _module_preset=&#8221;default&#8221; global_colors_info=&#8221;{}&#8221;][et_pb_blurb title=&#8221;Digital Fax&#8221; url=&#8221;https:\/\/tellustalk.com\/en\/digital-fax\/&#8221; image=&#8221;https:\/\/tellustalk.com\/wp-content\/uploads\/2023\/08\/icon-digital-fax-bg-grangran.png&#8221; alt=&#8221;Icon-green-green-fax 110&#215;110&#8243; admin_label=&#8221;Digital Fax&#8221; _builder_version=&#8221;4.27.4&#8243; _module_preset=&#8221;default&#8221; global_colors_info=&#8221;{}&#8221;]<\/p>\n<p>With our fax service you can easily send <a href=\"https:\/\/tellustalk.com\/en\/digital-fax\/\">digital faxes online<\/a>. Send faxes to one or more recipients and attach documents or text to your content. If you want to have your own fax number to hand out to your customers, you can rent a number and receive faxes in your emails.    <\/p>\n<p>[\/et_pb_blurb][\/et_pb_column][et_pb_column type=&#8221;1_2&#8243; _builder_version=&#8221;4.27.4&#8243; _module_preset=&#8221;default&#8221; global_colors_info=&#8221;{}&#8221;][et_pb_blurb title=&#8221;API included&#8221; url=&#8221;https:\/\/tellustalk.com\/en\/api\/&#8221; use_icon=&#8221;on&#8221; font_icon=&#8221;&#x3b;||divi||400&#8243; admin_label=&#8221;API ing\u00e5r&#8221; _builder_version=&#8221;4.27.4&#8243; _module_preset=&#8221;default&#8221; global_colors_info=&#8221;{}&#8221;]<\/p>\n<p>All services can be <a href=\"https:\/\/tellustalk.com\/lucka-nr-4-api-ingar-for-vara-kunder\/\">built in with API<\/a> and it is included in your business subscription. With API, you can easily and quickly extend the functionality of your existing systems with a simple integration. <\/p>\n<p>[\/et_pb_blurb][\/et_pb_column][\/et_pb_row][et_pb_row column_structure=&#8221;1_2,1_2&#8243; _builder_version=&#8221;4.27.4&#8243; _module_preset=&#8221;default&#8221; global_colors_info=&#8221;{}&#8221;][et_pb_column type=&#8221;1_2&#8243; _builder_version=&#8221;4.27.4&#8243; _module_preset=&#8221;default&#8221; global_colors_info=&#8221;{}&#8221;][et_pb_blurb title=&#8221;Online toolbox&#8221; url=&#8221;https:\/\/tellustalk.com\/en\/help\/toolbox\/&#8221; use_icon=&#8221;on&#8221; font_icon=&#8221;&#x52;||divi||400&#8243; admin_label=&#8221;Skicka online&#8221; _builder_version=&#8221;4.27.4&#8243; _module_preset=&#8221;default&#8221; global_colors_info=&#8221;{}&#8221;]<\/p>\n<p>You can choose to send messages, documents, images or agreements <a href=\"https:\/\/tellustalk.com\/en\/help\/email\/\">from your email<\/a> or <a href=\"https:\/\/tellustalk.com\/en\/help\/toolbox\/\">our toolbox<\/a>. Choose the method that best suits the specific mailing.   <\/p>\n<p>[\/et_pb_blurb][\/et_pb_column][et_pb_column type=&#8221;1_2&#8243; _builder_version=&#8221;4.27.4&#8243; _module_preset=&#8221;default&#8221; global_colors_info=&#8221;{}&#8221;][et_pb_blurb title=&#8221;Add-on services&#8221; use_icon=&#8221;on&#8221; font_icon=&#8221;&#x4c;||divi||400&#8243; admin_label=&#8221;Till\u00e4ggstj\u00e4nster&#8221; _builder_version=&#8221;4.27.4&#8243; _module_preset=&#8221;default&#8221; background_enable_color=&#8221;off&#8221; global_colors_info=&#8221;{}&#8221;]<\/p>\n<p>To go the extra mile, we have a few additional services;<\/p>\n<ul>\n<li>rent a virtual number to receive initial SMS or Fax<\/li>\n<li>guaranteed delivery to certain countries requires the rental of a registered number<\/li>\n<\/ul>\n<p>[\/et_pb_blurb][\/et_pb_column][\/et_pb_row][et_pb_row _builder_version=&#8221;4.27.4&#8243; _module_preset=&#8221;default&#8221; background_color=&#8221;#E4E4E4&#8243; global_colors_info=&#8221;{}&#8221;][et_pb_column type=&#8221;4_4&#8243; _builder_version=&#8221;4.27.4&#8243; _module_preset=&#8221;default&#8221; global_colors_info=&#8221;{}&#8221;][et_pb_text admin_label=&#8221;Varf\u00f6r v\u00e5ra tj\u00e4nster till ditt f\u00f6retag?&#8221; _builder_version=&#8221;4.27.4&#8243; _module_preset=&#8221;default&#8221; global_colors_info=&#8221;{}&#8221;]<\/p>\n<h2>Why choose TellusTalk services?<\/h2>\n<p>With our own developers, we at TellusTalk work daily to improve our range of services and functionality. Whether you want everything or use a specific service, our subscriptions are a safe choice to streamline the administration of digital communication.   <\/p>\n<p>With TellusTalk you get a Swedish supplier that has been on the market for more than 25 years and is considered an expert in communication solutions for businesses. In order to offer high-quality service, our own support staff are available on the phone around the clock every day of the year. In addition, we have a free trial period and only 30 days&#8217; notice, so you can feel confident about trying out our communication services.  <\/p>\n<p>Our business services are available on the Swedish platform, making our service offering a GDPR-secure choice for your business.<\/p>\n<p>[\/et_pb_text][et_pb_text admin_label=&#8221;Testa tj\u00e4nsteutbudet kostnadsfritt&#8221; _builder_version=&#8221;4.27.4&#8243; _module_preset=&#8221;default&#8221; global_colors_info=&#8221;{}&#8221;]<\/p>\n<h2>Test the range of services free of charge<\/h2>\n<p>Of course, you can <a href=\"https:\/\/tellustalk.com\/en\/free-trial\/\">test all our services for free<\/a> before you decide to become a customer. Start a free trial account right away, including both training and <a href=\"https:\/\/tellustalk.com\/en\/book-a-demo\/\">demo<\/a>. <\/p>\n<p>[\/et_pb_text][et_pb_text admin_label=&#8221;Os\u00e4ker vad man kan anv\u00e4nda v\u00e5ra tj\u00e4nster f\u00f6r?&#8221; _builder_version=&#8221;4.27.4&#8243; _module_preset=&#8221;default&#8221; global_colors_info=&#8221;{}&#8221;]<\/p>\n<h2>Not sure what you can use our offer for?<\/h2>\n<p>We have created a page where we present more <a href=\"https:\/\/tellustalk.com\/anvandningsomraden\/\">areas of use,<\/a> where you can read about how our customers use us today. If you still feel unsure, you can <a href=\"https:\/\/tellustalk.com\/en\/contact\/\">email<\/a>, call or <a href=\"https:\/\/tellustalk.com\/en\/book-a-demo\/\">book a web meeting<\/a> where you present your needs and challenges and we propose solutions from our range of services.   <\/p>\n<p>[\/et_pb_text][\/et_pb_column][\/et_pb_row][\/et_pb_section]<\/p>\n","protected":false},"excerpt":{"rendered":"<p>Business services for all, where more services are included With TellusTalk as your provider, you get many services for sending SMS, invitations to electronic and digital signing, MMS, secure messaging, email and digital fax. Why have multiple providers when you can have one provider for everything? Get everything you need to easily and securely digitize [&hellip;]<\/p>\n","protected":false},"author":5,"featured_media":0,"parent":0,"menu_order":0,"comment_status":"closed","ping_status":"closed","template":"","meta":{"_acf_changed":false,"_et_pb_use_builder":"on","_et_pb_old_content":"","_et_gb_content_width":"","footnotes":""},"class_list":["post-48133","page","type-page","status-publish","hentry"],"acf":[],"_links":{"self":[{"href":"https:\/\/tellustalk.com\/en\/wp-json\/wp\/v2\/pages\/48133","targetHints":{"allow":["GET"]}}],"collection":[{"href":"https:\/\/tellustalk.com\/en\/wp-json\/wp\/v2\/pages"}],"about":[{"href":"https:\/\/tellustalk.com\/en\/wp-json\/wp\/v2\/types\/page"}],"author":[{"embeddable":true,"href":"https:\/\/tellustalk.com\/en\/wp-json\/wp\/v2\/users\/5"}],"replies":[{"embeddable":true,"href":"https:\/\/tellustalk.com\/en\/wp-json\/wp\/v2\/comments?post=48133"}],"version-history":[{"count":10,"href":"https:\/\/tellustalk.com\/en\/wp-json\/wp\/v2\/pages\/48133\/revisions"}],"predecessor-version":[{"id":48220,"href":"https:\/\/tellustalk.com\/en\/wp-json\/wp\/v2\/pages\/48133\/revisions\/48220"}],"wp:attachment":[{"href":"https:\/\/tellustalk.com\/en\/wp-json\/wp\/v2\/media?parent=48133"}],"curies":[{"name":"wp","href":"https:\/\/api.w.org\/{rel}","templated":true}]}}